{"id":7717,"date":"2023-01-04T18:41:25","date_gmt":"2023-01-04T18:41:25","guid":{"rendered":"https:\/\/chedid-capital.com\/politique-relative-aux-cookies\/"},"modified":"2025-10-14T14:07:08","modified_gmt":"2025-10-14T14:07:08","slug":"politique-de-gestion-des-cookies","status":"publish","type":"page","link":"https:\/\/cch.decmena.com\/fr\/politique-de-gestion-des-cookies\/","title":{"rendered":"Politique de gestion des cookies"},"content":{"rendered":"\t\t<div data-elementor-type=\"wp-page\" data-elementor-id=\"7717\" class=\"elementor elementor-7717 elementor-5600\" data-elementor-post-type=\"page\">\n\t\t\t\t\t\t<section data-particle_enable=\"false\" data-particle-mobile-disabled=\"false\" class=\"elementor-section elementor-top-section elementor-element elementor-element-5e758b60 elementor-section-boxed elementor-section-height-default elementor-section-height-default\" data-id=\"5e758b60\" data-element_type=\"section\" data-e-type=\"section\" data-settings=\"{&quot;jet_parallax_layout_list&quot;:[]}\">\n\t\t\t\t\t\t<div class=\"elementor-container elementor-column-gap-default\">\n\t\t\t\t\t<div class=\"elementor-column elementor-col-100 elementor-top-column elementor-element elementor-element-1a78a74c\" data-id=\"1a78a74c\" data-element_type=\"column\" data-e-type=\"column\">\n\t\t\t<div class=\"elementor-widget-wrap elementor-element-populated\">\n\t\t\t\t\t\t<div class=\"elementor-element elementor-element-1ef6b46e elementor-widget__width-initial elementor-widget elementor-widget-text-editor\" data-id=\"1ef6b46e\" data-element_type=\"widget\" data-e-type=\"widget\" data-widget_type=\"text-editor.default\">\n\t\t\t\t<div class=\"elementor-widget-container\">\n\t\t\t\t\t\t\t\t\t<p><strong>Politique relative aux cookies<\/strong><\/p>\n<p>Notre site web, <strong>https:\/\/cch.decmena.com<\/strong>, (<strong>Le Site<\/strong>) utilise des cookies pour vous distinguer des autres utilisateurs de notre Site. <\/p>\n<p>Cette politique relative aux cookies explique ce que sont les cookies et comment nous les utilisons, les types de cookies que nous utilisons, c&rsquo;est-\u00e0-dire les informations que nous collectons \u00e0 l&rsquo;aide des cookies et comment ces informations sont utilis\u00e9es, ainsi que la mani\u00e8re de contr\u00f4ler les pr\u00e9f\u00e9rences en mati\u00e8re de cookies.<\/p>\n<p>Pour plus d&rsquo;informations sur la fa\u00e7on dont nous utilisons, stockons et s\u00e9curisons vos donn\u00e9es personnelles, consultez notre <a href=\"https:\/\/cch.decmena.com\/fr\/politique-de-confidentialite\/\" target=\"_blank\" rel=\"noopener\">politique de confidentialit\u00e9.<\/a><\/p>\n<p>En savoir plus sur qui nous sommes, comment vous pouvez nous contacter et sur les conditions d&rsquo;utilisation de notre Site dans nos conditions d&rsquo;utilisation.<\/p>\n<p><strong>Qu&rsquo;est-ce que les cookies?<\/strong><\/p>\n<p>Un cookie est un petit fichier de lettres et de chiffres que nous stockons sur votre navigateur ou sur le disque dur de votre ordinateur ou de votre appareil mobile. Les cookies contiennent des informations qui sont transf\u00e9r\u00e9es sur le disque dur de votre ordinateur ou de votre appareil mobile.<\/p>\n<p>Cela nous aide \u00e0 vous fournir une bonne exp\u00e9rience lorsque vous parcourez notre Site et nous permet \u00e9galement de faire fonctionner le Site correctement, de le rendre plus s\u00e9curis\u00e9, de comprendre comment le Site fonctionne et d&rsquo;am\u00e9liorer notre Site.<\/p>\n<p><strong>Quels types de cookies utilisons-nous?<\/strong><\/p>\n<p>Nous utilisons les cookies suivants :<\/p>\n<figure class=\"wp-block-table\">\n<table>\n<tbody>\n<tr>\n<td><strong>CAT\u00c9GORIE DE COOKIES<\/strong> <strong> <\/strong><\/td>\n<td>\n  <strong>D\u00c9TAILS<\/strong>\n<\/td>\n<\/tr>\n<tr>\n<td><strong>N\u00e9cessaires<\/strong><\/td>\n<td>Ce sont des cookies n\u00e9cessaires au fonctionnement de notre site. Ces cookies sont essentiels pour que vous puissiez b\u00e9n\u00e9ficier de toutes les fonctionnalit\u00e9s de notre site. Ils nous permettent de maintenir les sessions utilisateur et de pr\u00e9venir les menaces de s\u00e9curit\u00e9. Ils ne collectent ni ne stockent aucune information personnelle.<\/td>\n<\/tr>\n<tr>\n<td><strong>Fonctionnels<\/strong><\/td>\n<td>Il s&rsquo;agit de cookies qui aident \u00e0 certaines fonctionnalit\u00e9s non essentielles de notre site. Ces fonctionnalit\u00e9s incluent l&rsquo;int\u00e9gration de contenu comme des vid\u00e9os ou le partage de contenu du site sur des plateformes de m\u00e9dias sociaux.<\/td>\n<\/tr>\n<tr>\n<td>\n  <strong>Performance<\/strong>\n<\/td>\n<td>Les cookies de performance sont utilis\u00e9s pour comprendre et analyser les principaux indices de performance du site web, ce qui aide \u00e0 offrir une meilleure exp\u00e9rience utilisateur pour les visiteurs.<\/td>\n<\/tr>\n<tr>\n<td><strong>Analytiques<\/strong><\/td>\n<td>Il s&rsquo;agit de cookies qui nous permettent de reconna\u00eetre et de compter le nombre de visiteurs et de voir comment les visiteurs se d\u00e9placent sur notre site lorsqu&rsquo;ils l&rsquo;utilisent, la source de la visite, etc. Cela nous aide \u00e0 comprendre et \u00e0 analyser les performances de notre site et \u00e0 am\u00e9liorer son fonctionnement, par exemple en veillant \u00e0 ce que les utilisateurs trouvent facilement ce qu&rsquo;ils cherchent.<\/td>\n<\/tr>\n<tr>\n<td><strong> Publicitaires<\/strong><\/td>\n<td>Les cookies publicitaires sont utilis\u00e9s pour fournir aux visiteurs des publicit\u00e9s et des campagnes de marketing pertinentes. Ces cookies suivent les visiteurs \u00e0 travers les sites web et collectent des informations pour fournir des publicit\u00e9s personnalis\u00e9es.<\/td>\n<\/tr>\n<\/tbody>\n<\/table>\n<\/figure>\n<p>Vous trouverez dans le tableau ci-dessous plus d&rsquo;informations sur les diff\u00e9rents cookies que nous utilisons et sur les raisons pour lesquelles nous les utilisons :<\/p>\n<p>[wcc_category_list]<\/p>\n<figure class=\"wp-block-table\"><\/figure>\n<p>Veuillez noter que le tiers suivant peut \u00e9galement utiliser des cookies, sur lesquels nous n&rsquo;avons aucun contr\u00f4le. Ce tiers peut inclure des fournisseurs de services externes tels que des services de s\u00e9curit\u00e9 Web. Ces cookies tiers sont susceptibles d&rsquo;\u00eatre des cookies de performance ou d&rsquo;autres types de cookies:<\/p>\n<ul>\n<li>Google<\/li>\n<li>RGPD Cookie Consent<\/li>\n<li>Youtube<\/li>\n<\/ul>\n<p><strong>Comment puis-je contr\u00f4ler les pr\u00e9f\u00e9rences en mati\u00e8re de cookies?<\/strong><\/p>\n<p>Vous pouvez \u00e0 tout moment modifier ou retirer votre consentement \u00e0 la d\u00e9claration de cookies sur notre site.<\/p>\n<p>Si vous d\u00e9cidez de modifier vos pr\u00e9f\u00e9rences ult\u00e9rieurement au cours de votre session de navigation, vous pouvez cliquer sur l&rsquo;onglet \u00ab\u00a0G\u00e9rer le consentement\u00a0\u00bb \u00e0 l&rsquo;\u00e9cran. Cela affichera \u00e0 nouveau l&rsquo;avis de consentement, vous permettant de modifier vos pr\u00e9f\u00e9rences ou de retirer votre consentement enti\u00e8rement.<\/p>\n<p>De plus, diff\u00e9rents navigateurs proposent diff\u00e9rentes m\u00e9thodes pour bloquer et supprimer les cookies utilis\u00e9s par les sites Web. Vous pouvez bloquer\/supprimer les cookies en activant\/modifiant le param\u00e8tre de votre navigateur qui vous permet de refuser l&rsquo;installation de tous ou de certains cookies. Pour en savoir plus sur la gestion et la suppression des cookies, consultez wikipedia.org, <a href=\"http:\/\/www.allaboutcookies.org\">www.allaboutcookies.org<\/a>.<\/p>\n<p> Cependant, si vous utilisez les param\u00e8tres de votre navigateur pour bloquer\/supprimer les cookies, vous pourriez ne pas \u00eatre en mesure d&rsquo;acc\u00e9der \u00e0 tout ou partie de notre site.<\/p>\n\t\t\t\t\t\t\t\t<\/div>\n\t\t\t\t<\/div>\n\t\t\t\t\t<\/div>\n\t\t<\/div>\n\t\t\t\t\t<\/div>\n\t\t<\/section>\n\t\t\t\t<\/div>\n\t\t","protected":false},"excerpt":{"rendered":"<p>Politique relative aux cookies Notre site web, https:\/\/cch.decmena.com, (Le Site) utilise des cookies pour vous distinguer des autres utilisateurs de notre Site. Cette politique relative aux cookies explique ce que sont les cookies et comment nous les utilisons, les types de cookies que nous utilisons, c&rsquo;est-\u00e0-dire les informations que nous collectons \u00e0 l&rsquo;aide des cookies [&hellip;]<\/p>\n","protected":false},"author":1,"featured_media":0,"parent":0,"menu_order":0,"comment_status":"closed","ping_status":"closed","template":"elementor_theme","meta":{"_monsterinsights_skip_tracking":false,"_monsterinsights_sitenote_active":false,"_monsterinsights_sitenote_note":"","_monsterinsights_sitenote_category":0,"footnotes":""},"class_list":["post-7717","page","type-page","status-publish","hentry"],"yoast_head":"<!-- This site is optimized with the Yoast SEO Premium plugin v27.0 (Yoast SEO v27.3) - https:\/\/yoast.com\/product\/yoast-seo-premium-wordpress\/ -->\n<title>Politique de gestion des cookies - Chedid Capital<\/title>\n<meta name=\"description\" content=\"A financial holding company, Chedid Capital is a leading investment group in the insurance and reinsurance fields. The group, operates across Europe, Middle East, Africa and South Asia. Its subsidiary, Chedid Re, a Lloyd\u2019s official broker, is among the 20 largest reinsurance brokers in the world.\" \/>\n<meta name=\"robots\" content=\"index, follow, max-snippet:-1, max-image-preview:large, max-video-preview:-1\" \/>\n<link rel=\"canonical\" href=\"https:\/\/cch.decmena.com\/fr\/politique-de-gestion-des-cookies\/\" \/>\n<meta property=\"og:locale\" content=\"fr_FR\" \/>\n<meta property=\"og:type\" content=\"article\" \/>\n<meta property=\"og:title\" content=\"Politique de gestion des cookies\" \/>\n<meta property=\"og:description\" content=\"A financial holding company, Chedid Capital is a leading investment group in the insurance and reinsurance fields. The group, operates across Europe, Middle East, Africa and South Asia. Its subsidiary, Chedid Re, a Lloyd\u2019s official broker, is among the 20 largest reinsurance brokers in the world.\" \/>\n<meta property=\"og:url\" content=\"https:\/\/cch.decmena.com\/fr\/politique-de-gestion-des-cookies\/\" \/>\n<meta property=\"og:site_name\" content=\"Chedid Capital\" \/>\n<meta property=\"article:publisher\" content=\"https:\/\/www.facebook.com\/ChedidCapital\" \/>\n<meta property=\"article:modified_time\" content=\"2025-10-14T14:07:08+00:00\" \/>\n<meta property=\"og:image\" content=\"https:\/\/cch.decmena.com\/wp-content\/uploads\/2022\/10\/Chedidcapital.png\" \/>\n\t<meta property=\"og:image:width\" content=\"400\" \/>\n\t<meta property=\"og:image:height\" content=\"200\" \/>\n\t<meta property=\"og:image:type\" content=\"image\/png\" \/>\n<meta name=\"twitter:card\" content=\"summary_large_image\" \/>\n<meta name=\"twitter:label1\" content=\"Dur\u00e9e de lecture estim\u00e9e\" \/>\n\t<meta name=\"twitter:data1\" content=\"4 minutes\" \/>\n<script type=\"application\/ld+json\" class=\"yoast-schema-graph\">{\"@context\":\"https:\\\/\\\/schema.org\",\"@graph\":[{\"@type\":\"WebPage\",\"@id\":\"https:\\\/\\\/cch.decmena.com\\\/fr\\\/politique-de-gestion-des-cookies\\\/\",\"url\":\"https:\\\/\\\/cch.decmena.com\\\/fr\\\/politique-de-gestion-des-cookies\\\/\",\"name\":\"Politique de gestion des cookies - Chedid Capital\",\"isPartOf\":{\"@id\":\"https:\\\/\\\/cch.decmena.com\\\/#website\"},\"datePublished\":\"2023-01-04T18:41:25+00:00\",\"dateModified\":\"2025-10-14T14:07:08+00:00\",\"description\":\"A financial holding company, Chedid Capital is a leading investment group in the insurance and reinsurance fields. The group, operates across Europe, Middle East, Africa and South Asia. Its subsidiary, Chedid Re, a Lloyd\u2019s official broker, is among the 20 largest reinsurance brokers in the world.\",\"breadcrumb\":{\"@id\":\"https:\\\/\\\/cch.decmena.com\\\/fr\\\/politique-de-gestion-des-cookies\\\/#breadcrumb\"},\"inLanguage\":\"fr-FR\",\"potentialAction\":[{\"@type\":\"ReadAction\",\"target\":[\"https:\\\/\\\/cch.decmena.com\\\/fr\\\/politique-de-gestion-des-cookies\\\/\"]}]},{\"@type\":\"BreadcrumbList\",\"@id\":\"https:\\\/\\\/cch.decmena.com\\\/fr\\\/politique-de-gestion-des-cookies\\\/#breadcrumb\",\"itemListElement\":[{\"@type\":\"ListItem\",\"position\":1,\"name\":\"Home\",\"item\":\"https:\\\/\\\/cch.decmena.com\\\/fr\\\/\"},{\"@type\":\"ListItem\",\"position\":2,\"name\":\"Politique de gestion des cookies\"}]},{\"@type\":\"WebSite\",\"@id\":\"https:\\\/\\\/cch.decmena.com\\\/#website\",\"url\":\"https:\\\/\\\/cch.decmena.com\\\/\",\"name\":\"Chedid Capital\",\"description\":\"Chedid Capital Holding\",\"publisher\":{\"@id\":\"https:\\\/\\\/cch.decmena.com\\\/#organization\"},\"alternateName\":\"Chedid Capital Holding\",\"potentialAction\":[{\"@type\":\"SearchAction\",\"target\":{\"@type\":\"EntryPoint\",\"urlTemplate\":\"https:\\\/\\\/cch.decmena.com\\\/?s={search_term_string}\"},\"query-input\":{\"@type\":\"PropertyValueSpecification\",\"valueRequired\":true,\"valueName\":\"search_term_string\"}}],\"inLanguage\":\"fr-FR\"},{\"@type\":\"Organization\",\"@id\":\"https:\\\/\\\/cch.decmena.com\\\/#organization\",\"name\":\"Chedid Capital\",\"alternateName\":\"Chedid Capital Holding\",\"url\":\"https:\\\/\\\/cch.decmena.com\\\/\",\"logo\":{\"@type\":\"ImageObject\",\"inLanguage\":\"fr-FR\",\"@id\":\"https:\\\/\\\/cch.decmena.com\\\/#\\\/schema\\\/logo\\\/image\\\/\",\"url\":\"https:\\\/\\\/cch.decmena.com\\\/wp-content\\\/uploads\\\/2022\\\/10\\\/Chedidcapital.png\",\"contentUrl\":\"https:\\\/\\\/cch.decmena.com\\\/wp-content\\\/uploads\\\/2022\\\/10\\\/Chedidcapital.png\",\"width\":400,\"height\":200,\"caption\":\"Chedid Capital\"},\"image\":{\"@id\":\"https:\\\/\\\/cch.decmena.com\\\/#\\\/schema\\\/logo\\\/image\\\/\"},\"sameAs\":[\"https:\\\/\\\/www.facebook.com\\\/ChedidCapital\",\"https:\\\/\\\/www.linkedin\\\/company\\\/chedid-capital\",\"https:\\\/\\\/www.youtube.com\\\/channel\\\/UCC8SpKBTtbcl2o1QKzbpjBQ\\\/videos\",\"https:\\\/\\\/instagram.com\\\/chedid.capital\"],\"description\":\"A financial holding company, Chedid Capital is a leading investment group in the insurance and reinsurance fields. The group, operates across Europe, Middle East, Africa and South Asia. Its subsidiary, Chedid Re, a Lloyd\u2019s official broker, is among the 20 largest reinsurance brokers in the world.\",\"email\":\"info@chedid-capital.com\",\"telephone\":\"+961 5 956 080\",\"legalName\":\"Chedid Capital Holding\",\"foundingDate\":\"2006-01-01\",\"numberOfEmployees\":{\"@type\":\"QuantitativeValue\",\"minValue\":\"1001\",\"maxValue\":\"5000\"}}]}<\/script>\n<!-- \/ Yoast SEO Premium plugin. -->","yoast_head_json":{"title":"Politique de gestion des cookies - Chedid Capital","description":"A financial holding company, Chedid Capital is a leading investment group in the insurance and reinsurance fields. The group, operates across Europe, Middle East, Africa and South Asia. Its subsidiary, Chedid Re, a Lloyd\u2019s official broker, is among the 20 largest reinsurance brokers in the world.","robots":{"index":"index","follow":"follow","max-snippet":"max-snippet:-1","max-image-preview":"max-image-preview:large","max-video-preview":"max-video-preview:-1"},"canonical":"https:\/\/cch.decmena.com\/fr\/politique-de-gestion-des-cookies\/","og_locale":"fr_FR","og_type":"article","og_title":"Politique de gestion des cookies","og_description":"A financial holding company, Chedid Capital is a leading investment group in the insurance and reinsurance fields. The group, operates across Europe, Middle East, Africa and South Asia. Its subsidiary, Chedid Re, a Lloyd\u2019s official broker, is among the 20 largest reinsurance brokers in the world.","og_url":"https:\/\/cch.decmena.com\/fr\/politique-de-gestion-des-cookies\/","og_site_name":"Chedid Capital","article_publisher":"https:\/\/www.facebook.com\/ChedidCapital","article_modified_time":"2025-10-14T14:07:08+00:00","og_image":[{"width":400,"height":200,"url":"https:\/\/cch.decmena.com\/wp-content\/uploads\/2022\/10\/Chedidcapital.png","type":"image\/png"}],"twitter_card":"summary_large_image","twitter_misc":{"Dur\u00e9e de lecture estim\u00e9e":"4 minutes"},"schema":{"@context":"https:\/\/schema.org","@graph":[{"@type":"WebPage","@id":"https:\/\/cch.decmena.com\/fr\/politique-de-gestion-des-cookies\/","url":"https:\/\/cch.decmena.com\/fr\/politique-de-gestion-des-cookies\/","name":"Politique de gestion des cookies - Chedid Capital","isPartOf":{"@id":"https:\/\/cch.decmena.com\/#website"},"datePublished":"2023-01-04T18:41:25+00:00","dateModified":"2025-10-14T14:07:08+00:00","description":"A financial holding company, Chedid Capital is a leading investment group in the insurance and reinsurance fields. The group, operates across Europe, Middle East, Africa and South Asia. Its subsidiary, Chedid Re, a Lloyd\u2019s official broker, is among the 20 largest reinsurance brokers in the world.","breadcrumb":{"@id":"https:\/\/cch.decmena.com\/fr\/politique-de-gestion-des-cookies\/#breadcrumb"},"inLanguage":"fr-FR","potentialAction":[{"@type":"ReadAction","target":["https:\/\/cch.decmena.com\/fr\/politique-de-gestion-des-cookies\/"]}]},{"@type":"BreadcrumbList","@id":"https:\/\/cch.decmena.com\/fr\/politique-de-gestion-des-cookies\/#breadcrumb","itemListElement":[{"@type":"ListItem","position":1,"name":"Home","item":"https:\/\/cch.decmena.com\/fr\/"},{"@type":"ListItem","position":2,"name":"Politique de gestion des cookies"}]},{"@type":"WebSite","@id":"https:\/\/cch.decmena.com\/#website","url":"https:\/\/cch.decmena.com\/","name":"Chedid Capital","description":"Chedid Capital Holding","publisher":{"@id":"https:\/\/cch.decmena.com\/#organization"},"alternateName":"Chedid Capital Holding","potentialAction":[{"@type":"SearchAction","target":{"@type":"EntryPoint","urlTemplate":"https:\/\/cch.decmena.com\/?s={search_term_string}"},"query-input":{"@type":"PropertyValueSpecification","valueRequired":true,"valueName":"search_term_string"}}],"inLanguage":"fr-FR"},{"@type":"Organization","@id":"https:\/\/cch.decmena.com\/#organization","name":"Chedid Capital","alternateName":"Chedid Capital Holding","url":"https:\/\/cch.decmena.com\/","logo":{"@type":"ImageObject","inLanguage":"fr-FR","@id":"https:\/\/cch.decmena.com\/#\/schema\/logo\/image\/","url":"https:\/\/cch.decmena.com\/wp-content\/uploads\/2022\/10\/Chedidcapital.png","contentUrl":"https:\/\/cch.decmena.com\/wp-content\/uploads\/2022\/10\/Chedidcapital.png","width":400,"height":200,"caption":"Chedid Capital"},"image":{"@id":"https:\/\/cch.decmena.com\/#\/schema\/logo\/image\/"},"sameAs":["https:\/\/www.facebook.com\/ChedidCapital","https:\/\/www.linkedin\/company\/chedid-capital","https:\/\/www.youtube.com\/channel\/UCC8SpKBTtbcl2o1QKzbpjBQ\/videos","https:\/\/instagram.com\/chedid.capital"],"description":"A financial holding company, Chedid Capital is a leading investment group in the insurance and reinsurance fields. The group, operates across Europe, Middle East, Africa and South Asia. Its subsidiary, Chedid Re, a Lloyd\u2019s official broker, is among the 20 largest reinsurance brokers in the world.","email":"info@chedid-capital.com","telephone":"+961 5 956 080","legalName":"Chedid Capital Holding","foundingDate":"2006-01-01","numberOfEmployees":{"@type":"QuantitativeValue","minValue":"1001","maxValue":"5000"}}]}},"_links":{"self":[{"href":"https:\/\/cch.decmena.com\/fr\/wp-json\/wp\/v2\/pages\/7717","targetHints":{"allow":["GET"]}}],"collection":[{"href":"https:\/\/cch.decmena.com\/fr\/wp-json\/wp\/v2\/pages"}],"about":[{"href":"https:\/\/cch.decmena.com\/fr\/wp-json\/wp\/v2\/types\/page"}],"author":[{"embeddable":true,"href":"https:\/\/cch.decmena.com\/fr\/wp-json\/wp\/v2\/users\/1"}],"replies":[{"embeddable":true,"href":"https:\/\/cch.decmena.com\/fr\/wp-json\/wp\/v2\/comments?post=7717"}],"version-history":[{"count":8,"href":"https:\/\/cch.decmena.com\/fr\/wp-json\/wp\/v2\/pages\/7717\/revisions"}],"predecessor-version":[{"id":30862,"href":"https:\/\/cch.decmena.com\/fr\/wp-json\/wp\/v2\/pages\/7717\/revisions\/30862"}],"wp:attachment":[{"href":"https:\/\/cch.decmena.com\/fr\/wp-json\/wp\/v2\/media?parent=7717"}],"curies":[{"name":"wp","href":"https:\/\/api.w.org\/{rel}","templated":true}]}}