{"id":7057,"date":"2022-10-12T17:43:06","date_gmt":"2022-10-12T17:43:06","guid":{"rendered":"https:\/\/chedid-capital.com\/solutions-digitales\/"},"modified":"2025-07-30T17:27:29","modified_gmt":"2025-07-30T17:27:29","slug":"solutions-digitales","status":"publish","type":"page","link":"https:\/\/cch.decmena.com\/fr\/solutions-digitales\/","title":{"rendered":"Solutions Digitales"},"content":{"rendered":"\t\t<div data-elementor-type=\"wp-page\" data-elementor-id=\"7057\" class=\"elementor elementor-7057 elementor-2422\" data-elementor-post-type=\"page\">\n\t\t\t\t\t\t<header data-particle_enable=\"false\" data-particle-mobile-disabled=\"false\" class=\"elementor-section elementor-top-section elementor-element elementor-element-16ee5b16 elementor-section-stretched elementor-section-full_width elementor-section-height-min-height elementor-section-items-top elementor-section-content-middle elementor-section-height-default\" data-id=\"16ee5b16\" data-element_type=\"section\" data-e-type=\"section\" data-settings=\"{&quot;stretch_section&quot;:&quot;section-stretched&quot;,&quot;background_background&quot;:&quot;classic&quot;,&quot;jet_parallax_layout_list&quot;:[]}\">\n\t\t\t\t\t\t\t<div class=\"elementor-background-overlay\"><\/div>\n\t\t\t\t\t\t\t<div class=\"elementor-container elementor-column-gap-no\">\n\t\t\t\t\t<div class=\"elementor-column elementor-col-100 elementor-top-column elementor-element elementor-element-7cc8d048\" data-id=\"7cc8d048\" data-element_type=\"column\" data-e-type=\"column\">\n\t\t\t<div class=\"elementor-widget-wrap elementor-element-populated\">\n\t\t\t\t\t\t<section data-particle_enable=\"false\" data-particle-mobile-disabled=\"false\" class=\"elementor-section elementor-inner-section elementor-element elementor-element-5db9a616 elementor-section-full_width elementor-section-height-min-height elementor-section-content-middle elementor-section-height-default\" data-id=\"5db9a616\" data-element_type=\"section\" data-e-type=\"section\" data-settings=\"{&quot;background_background&quot;:&quot;classic&quot;,&quot;jet_parallax_layout_list&quot;:[]}\">\n\t\t\t\t\t\t\t<div class=\"elementor-background-overlay\"><\/div>\n\t\t\t\t\t\t\t<div class=\"elementor-container elementor-column-gap-no\">\n\t\t\t\t\t<div class=\"elementor-column elementor-col-100 elementor-inner-column elementor-element elementor-element-5b96023a\" data-id=\"5b96023a\" data-element_type=\"column\" data-e-type=\"column\">\n\t\t\t<div class=\"elementor-widget-wrap elementor-element-populated\">\n\t\t\t\t\t\t<div class=\"elementor-element elementor-element-18b367fb elementor-invisible elementor-widget elementor-widget-heading\" data-id=\"18b367fb\" data-element_type=\"widget\" data-e-type=\"widget\" data-settings=\"{&quot;_animation&quot;:&quot;fadeInUp&quot;,&quot;_animation_delay&quot;:150}\" data-widget_type=\"heading.default\">\n\t\t\t\t<div class=\"elementor-widget-container\">\n\t\t\t\t\t<h1 class=\"elementor-heading-title elementor-size-default\">SOLUTIONS DIGITALES<\/h1>\t\t\t\t<\/div>\n\t\t\t\t<\/div>\n\t\t\t\t\t<\/div>\n\t\t<\/div>\n\t\t\t\t\t<\/div>\n\t\t<\/section>\n\t\t\t\t\t<\/div>\n\t\t<\/div>\n\t\t\t\t\t<\/div>\n\t\t<\/header>\n\t\t\t\t<section data-particle_enable=\"false\" data-particle-mobile-disabled=\"false\" class=\"elementor-section elementor-top-section elementor-element elementor-element-621031bd elementor-section-boxed elementor-section-height-default elementor-section-height-default\" data-id=\"621031bd\" data-element_type=\"section\" data-e-type=\"section\" data-settings=\"{&quot;background_background&quot;:&quot;classic&quot;,&quot;jet_parallax_layout_list&quot;:[]}\">\n\t\t\t\t\t\t<div class=\"elementor-container elementor-column-gap-default\">\n\t\t\t\t\t<div class=\"elementor-column elementor-col-100 elementor-top-column elementor-element elementor-element-b1a5608\" data-id=\"b1a5608\" data-element_type=\"column\" data-e-type=\"column\" data-settings=\"{&quot;background_background&quot;:&quot;classic&quot;}\">\n\t\t\t<div class=\"elementor-widget-wrap elementor-element-populated\">\n\t\t\t\t\t\t<div class=\"elementor-element elementor-element-06e9407 elementor-invisible elementor-widget elementor-widget-image\" data-id=\"06e9407\" data-element_type=\"widget\" data-e-type=\"widget\" data-settings=\"{&quot;_animation&quot;:&quot;fadeInDown&quot;,&quot;_animation_delay&quot;:200}\" data-widget_type=\"image.default\">\n\t\t\t\t<div class=\"elementor-widget-container\">\n\t\t\t\t\t\t\t\t\t\t\t\t\t\t\t<img decoding=\"async\" width=\"150\" height=\"150\" src=\"https:\/\/cch.decmena.com\/wp-content\/uploads\/2025\/07\/360-01-150x150.webp\" class=\"attachment-thumbnail size-thumbnail wp-image-28490\" alt=\"\" srcset=\"https:\/\/cch.decmena.com\/wp-content\/uploads\/2025\/07\/360-01-150x150.webp 150w, https:\/\/cch.decmena.com\/wp-content\/uploads\/2025\/07\/360-01-300x300.webp 300w, https:\/\/cch.decmena.com\/wp-content\/uploads\/2025\/07\/360-01-1024x1024.webp 1024w, https:\/\/cch.decmena.com\/wp-content\/uploads\/2025\/07\/360-01-768x768.webp 768w, https:\/\/cch.decmena.com\/wp-content\/uploads\/2025\/07\/360-01-1536x1536.webp 1536w, https:\/\/cch.decmena.com\/wp-content\/uploads\/2025\/07\/360-01-2048x2048.webp 2048w\" sizes=\"(max-width: 150px) 100vw, 150px\" \/>\t\t\t\t\t\t\t\t\t\t\t\t\t\t\t<\/div>\n\t\t\t\t<\/div>\n\t\t\t\t\t<\/div>\n\t\t<\/div>\n\t\t\t\t\t<\/div>\n\t\t<\/section>\n\t\t\t\t<section data-particle_enable=\"false\" data-particle-mobile-disabled=\"false\" class=\"elementor-section elementor-top-section elementor-element elementor-element-56852df elementor-section-boxed elementor-section-height-default elementor-section-height-default\" data-id=\"56852df\" data-element_type=\"section\" data-e-type=\"section\" data-settings=\"{&quot;jet_parallax_layout_list&quot;:[]}\">\n\t\t\t\t\t\t<div class=\"elementor-container elementor-column-gap-default\">\n\t\t\t\t\t<div class=\"elementor-column elementor-col-100 elementor-top-column elementor-element elementor-element-c88cf1d\" data-id=\"c88cf1d\" data-element_type=\"column\" data-e-type=\"column\">\n\t\t\t<div class=\"elementor-widget-wrap elementor-element-populated\">\n\t\t\t\t\t\t<div class=\"elementor-element elementor-element-56be98c elementor-widget elementor-widget-text-editor\" data-id=\"56be98c\" data-element_type=\"widget\" data-e-type=\"widget\" data-widget_type=\"text-editor.default\">\n\t\t\t\t<div class=\"elementor-widget-container\">\n\t\t\t\t\t\t\t\t\t<section class=\"inner-page-top\">\n<div class=\"container\">\n<div class=\"inner-page-top__row\">\n<div class=\"row\">\n<div class=\"col-md-12\">\n<div class=\"inner-page-title\">\n<div class=\"desc\">\n<p>Compare360.com est une plateforme digitale sp\u00e9cialis\u00e9e dans la comparaison et la souscription de produits d\u2019assurance. V\u00e9ritable interm\u00e9diaire de confiance, elle permet aux particuliers de consulter en quelques clics des offres vari\u00e9es, d\u2019\u00e9valuer leurs garanties et de choisir la couverture la mieux adapt\u00e9e \u00e0 leurs besoins.<\/p>\n<p>Lanc\u00e9e au Liban en 2025, Compare360.com s\u2019appuie sur une expertise d\u00e9j\u00e0 \u00e9prouv\u00e9e aux \u00c9mirats arabes unis, o\u00f9 plus de 100\u202f000 polices ont d\u00e9j\u00e0 \u00e9t\u00e9 souscrites via son interface.<\/p>\n<p>La plateforme se distingue par des tarifs comp\u00e9titifs, un d\u00e9veloppement de produits sur mesure, une parfaite connaissance du march\u00e9 local et une exp\u00e9rience client pens\u00e9e dans les moindres d\u00e9tails, le tout soutenu par une infrastructure digitale robuste et innovante. Aujourd\u2019hui, son offre couvre un large \u00e9ventail de solutions\u202f: assurance automobile, assurance sant\u00e9, assurance voyage, couverture pour expatri\u00e9s et assurance pour animaux de compagnie.<\/p>\n<p>Membre du r\u00e9seau Chedid Capital, Compare360.com collabore \u00e9troitement avec les entit\u00e9s de courtage et de r\u00e9assurance du groupe, tout en d\u00e9veloppant des partenariats avec d\u2019autres assureurs majeurs. Parmi ses partenaires figurent des noms reconnus du secteur tels que ALIG, Arabia Insurance, Arope Insurance, Lia Assurex, Libano\u2011Suisse Insurance, Securite Assurance, SNA et Victoire Insurance Company.    <\/p>\n<\/div>\n<\/div>\n<\/div>\n<\/div>\n<\/div>\n<\/div>\n<\/section>\n\t\t\t\t\t\t\t\t<\/div>\n\t\t\t\t<\/div>\n\t\t\t\t\t<\/div>\n\t\t<\/div>\n\t\t\t\t\t<\/div>\n\t\t<\/section>\n\t\t\t\t<section data-particle_enable=\"false\" data-particle-mobile-disabled=\"false\" class=\"elementor-section elementor-top-section elementor-element elementor-element-4928b5d elementor-section-boxed elementor-section-height-default elementor-section-height-default\" data-id=\"4928b5d\" data-element_type=\"section\" data-e-type=\"section\" data-settings=\"{&quot;jet_parallax_layout_list&quot;:[]}\">\n\t\t\t\t\t\t<div class=\"elementor-container elementor-column-gap-default\">\n\t\t\t\t\t<div class=\"elementor-column elementor-col-100 elementor-top-column elementor-element elementor-element-c5c7359\" data-id=\"c5c7359\" data-element_type=\"column\" data-e-type=\"column\">\n\t\t\t<div class=\"elementor-widget-wrap elementor-element-populated\">\n\t\t\t\t\t\t<div class=\"elementor-element elementor-element-8dae09c elementor-invisible elementor-widget elementor-widget-heading\" data-id=\"8dae09c\" data-element_type=\"widget\" data-e-type=\"widget\" data-settings=\"{&quot;_animation&quot;:&quot;fadeInUp&quot;}\" data-widget_type=\"heading.default\">\n\t\t\t\t<div class=\"elementor-widget-container\">\n\t\t\t\t\t<h3 class=\"elementor-heading-title elementor-size-default\">AUTRES UNIT\u00c9S OP\u00c9RATIONNELLES<\/h3>\t\t\t\t<\/div>\n\t\t\t\t<\/div>\n\t\t\t\t\t<\/div>\n\t\t<\/div>\n\t\t\t\t\t<\/div>\n\t\t<\/section>\n\t\t\t\t<section data-particle_enable=\"false\" data-particle-mobile-disabled=\"false\" class=\"elementor-section elementor-top-section elementor-element elementor-element-6201597 elementor-section-boxed elementor-section-height-default elementor-section-height-default\" data-id=\"6201597\" data-element_type=\"section\" data-e-type=\"section\" data-settings=\"{&quot;jet_parallax_layout_list&quot;:[]}\">\n\t\t\t\t\t\t<div class=\"elementor-container elementor-column-gap-default\">\n\t\t\t\t\t<div class=\"elementor-column elementor-col-100 elementor-top-column elementor-element elementor-element-c025baf\" data-id=\"c025baf\" data-element_type=\"column\" data-e-type=\"column\">\n\t\t\t<div class=\"elementor-widget-wrap elementor-element-populated\">\n\t\t\t\t\t\t<div class=\"elementor-element elementor-element-2b77031 elementor-widget elementor-widget-eael-image-accordion\" data-id=\"2b77031\" data-element_type=\"widget\" data-e-type=\"widget\" data-widget_type=\"eael-image-accordion.default\">\n\t\t\t\t<div class=\"elementor-widget-container\">\n\t\t\t\t\t    <div class=\"eael-img-accordion accordion-direction-horizontal eael-img-accordion-horizontal-align-center eael-img-accordion-vertical-align-center\" id=\"eael-img-accordion-2b77031\" data-img-accordion-id=\"2b77031\" data-img-accordion-type=\"on-hover\">\n                    \n            <div class=\"eael-image-accordion-hover eael-image-accordion-item\" style=\"background-image: url(https:\/\/cch.decmena.com\/wp-content\/uploads\/2022\/09\/Reinsurance-Brokerage.jpg);\"  tabindex=\"0\">\n                <div class=\"overlay\">\n                                        <div class=\"overlay-inner \">\n                        <a href=\"https:\/\/cch.decmena.com\/fr\/courtage-en-reassurance\"><h2 class=\"img-accordion-title\">Courtage en R\u00e9assurance<\/h2><\/a>                    <\/div>\n                <\/div>\n            <\/div>\n                    \n            <div class=\"eael-image-accordion-hover eael-image-accordion-item\" style=\"background-image: url(https:\/\/cch.decmena.com\/wp-content\/uploads\/2022\/09\/Insurance-Brokerage.jpg);\"  tabindex=\"0\">\n                <div class=\"overlay\">\n                                        <div class=\"overlay-inner \">\n                        <a href=\"https:\/\/cch.decmena.com\/fr\/courtage-en-assurance\"><h2 class=\"img-accordion-title\">Courtage en Assurance<\/h2><\/a>                    <\/div>\n                <\/div>\n            <\/div>\n                    \n            <div class=\"eael-image-accordion-hover eael-image-accordion-item\" style=\"background-image: url(https:\/\/cch.decmena.com\/wp-content\/uploads\/2022\/09\/Insurance.jpg);\"  tabindex=\"0\">\n                <div class=\"overlay\">\n                                        <div class=\"overlay-inner \">\n                        <a href=\"https:\/\/cch.decmena.com\/insurance\"><h2 class=\"img-accordion-title\">Assurance<\/h2><\/a>                    <\/div>\n                <\/div>\n            <\/div>\n                    \n            <div class=\"eael-image-accordion-hover eael-image-accordion-item\" style=\"background-image: url(https:\/\/cch.decmena.com\/wp-content\/uploads\/2022\/08\/consultancy.jpg);\"  tabindex=\"0\">\n                <div class=\"overlay\">\n                                        <div class=\"overlay-inner \">\n                        <a href=\"https:\/\/cch.decmena.com\/fr\/solutions-de-gestion-denterprises\"><h2 class=\"img-accordion-title\"> Solutions de Gestion d\u2019Enterprises<\/h2><\/a>                    <\/div>\n                <\/div>\n            <\/div>\n                    \n            <div class=\"eael-image-accordion-hover eael-image-accordion-item\" style=\"background-image: url(https:\/\/cch.decmena.com\/wp-content\/uploads\/2023\/01\/Risk-education.jpg);\"  tabindex=\"0\">\n                <div class=\"overlay\">\n                                        <div class=\"overlay-inner \">\n                        <a href=\"https:\/\/cch.decmena.com\/fr\/apprentissage-aux-risques\"><h2 class=\"img-accordion-title\">Apprentissage aux Risques<\/h2><\/a>                    <\/div>\n                <\/div>\n            <\/div>\n                <\/div>\n        <style typr=\"text\/css\">\n                    #eael-img-accordion-2b77031 .eael-image-accordion-hover:hover {\n                        flex: 3 1 0% !important;\n                    }\n                    #eael-img-accordion-2b77031 .eael-image-accordion-hover:hover:hover .overlay-inner * {\n                        opacity: 1;\n                        visibility: visible;\n                        transform: none;\n                        transition: all .3s .3s;\n                    }\n                <\/style>\t\t\t\t<\/div>\n\t\t\t\t<\/div>\n\t\t\t\t\t<\/div>\n\t\t<\/div>\n\t\t\t\t\t<\/div>\n\t\t<\/section>\n\t\t\t\t<\/div>\n\t\t","protected":false},"excerpt":{"rendered":"<p>SOLUTIONS DIGITALES Compare360.com est une plateforme digitale sp\u00e9cialis\u00e9e dans la comparaison et la souscription de produits d\u2019assurance. V\u00e9ritable interm\u00e9diaire de confiance, elle permet aux particuliers de consulter en quelques clics des offres vari\u00e9es, d\u2019\u00e9valuer leurs garanties et de choisir la couverture la mieux adapt\u00e9e \u00e0 leurs besoins. Lanc\u00e9e au Liban en 2025, Compare360.com s\u2019appuie sur [&hellip;]<\/p>\n","protected":false},"author":1,"featured_media":0,"parent":0,"menu_order":0,"comment_status":"closed","ping_status":"closed","template":"","meta":{"_monsterinsights_skip_tracking":false,"_monsterinsights_sitenote_active":false,"_monsterinsights_sitenote_note":"","_monsterinsights_sitenote_category":0,"footnotes":""},"class_list":["post-7057","page","type-page","status-publish","hentry"],"yoast_head":"<!-- This site is optimized with the Yoast SEO Premium plugin v27.0 (Yoast SEO v27.3) - https:\/\/yoast.com\/product\/yoast-seo-premium-wordpress\/ -->\n<title>Solutions Digitales - Chedid Capital<\/title>\n<meta name=\"description\" content=\"Bienvenue sur Compare360.com, votre plateforme de confiance pour comparer et acheter des assurances en ligne.\" \/>\n<meta name=\"robots\" content=\"index, follow, max-snippet:-1, max-image-preview:large, max-video-preview:-1\" \/>\n<link rel=\"canonical\" href=\"https:\/\/cch.decmena.com\/fr\/solutions-digitales\/\" \/>\n<meta property=\"og:locale\" content=\"fr_FR\" \/>\n<meta property=\"og:type\" content=\"article\" \/>\n<meta property=\"og:title\" content=\"Solutions Digitales\" \/>\n<meta property=\"og:description\" content=\"A financial holding company, Chedid Capital is a leading investment group in the insurance and reinsurance fields. The group, operates across Europe, Middle East, Africa and South Asia. Its subsidiary, Chedid Re, a Lloyd\u2019s official broker, is among the 20 largest reinsurance brokers in the world.\" \/>\n<meta property=\"og:url\" content=\"https:\/\/cch.decmena.com\/fr\/solutions-digitales\/\" \/>\n<meta property=\"og:site_name\" content=\"Chedid Capital\" \/>\n<meta property=\"article:publisher\" content=\"https:\/\/www.facebook.com\/ChedidCapital\" \/>\n<meta property=\"article:modified_time\" content=\"2025-07-30T17:27:29+00:00\" \/>\n<meta property=\"og:image\" content=\"https:\/\/cch.decmena.com\/wp-content\/uploads\/2025\/07\/360-01-150x150.webp\" \/>\n<meta name=\"twitter:card\" content=\"summary_large_image\" \/>\n<meta name=\"twitter:label1\" content=\"Dur\u00e9e de lecture estim\u00e9e\" \/>\n\t<meta name=\"twitter:data1\" content=\"1 minute\" \/>\n<script type=\"application\/ld+json\" class=\"yoast-schema-graph\">{\"@context\":\"https:\\\/\\\/schema.org\",\"@graph\":[{\"@type\":\"WebPage\",\"@id\":\"https:\\\/\\\/cch.decmena.com\\\/fr\\\/solutions-digitales\\\/\",\"url\":\"https:\\\/\\\/cch.decmena.com\\\/fr\\\/solutions-digitales\\\/\",\"name\":\"Solutions Digitales - Chedid Capital\",\"isPartOf\":{\"@id\":\"https:\\\/\\\/cch.decmena.com\\\/#website\"},\"primaryImageOfPage\":{\"@id\":\"https:\\\/\\\/cch.decmena.com\\\/fr\\\/solutions-digitales\\\/#primaryimage\"},\"image\":{\"@id\":\"https:\\\/\\\/cch.decmena.com\\\/fr\\\/solutions-digitales\\\/#primaryimage\"},\"thumbnailUrl\":\"https:\\\/\\\/cch.decmena.com\\\/wp-content\\\/uploads\\\/2025\\\/07\\\/360-01-150x150.webp\",\"datePublished\":\"2022-10-12T17:43:06+00:00\",\"dateModified\":\"2025-07-30T17:27:29+00:00\",\"description\":\"Bienvenue sur Compare360.com, votre plateforme de confiance pour comparer et acheter des assurances en ligne.\",\"breadcrumb\":{\"@id\":\"https:\\\/\\\/cch.decmena.com\\\/fr\\\/solutions-digitales\\\/#breadcrumb\"},\"inLanguage\":\"fr-FR\",\"potentialAction\":[{\"@type\":\"ReadAction\",\"target\":[\"https:\\\/\\\/cch.decmena.com\\\/fr\\\/solutions-digitales\\\/\"]}]},{\"@type\":\"ImageObject\",\"inLanguage\":\"fr-FR\",\"@id\":\"https:\\\/\\\/cch.decmena.com\\\/fr\\\/solutions-digitales\\\/#primaryimage\",\"url\":\"https:\\\/\\\/cch.decmena.com\\\/wp-content\\\/uploads\\\/2025\\\/07\\\/360-01-150x150.webp\",\"contentUrl\":\"https:\\\/\\\/cch.decmena.com\\\/wp-content\\\/uploads\\\/2025\\\/07\\\/360-01-150x150.webp\"},{\"@type\":\"BreadcrumbList\",\"@id\":\"https:\\\/\\\/cch.decmena.com\\\/fr\\\/solutions-digitales\\\/#breadcrumb\",\"itemListElement\":[{\"@type\":\"ListItem\",\"position\":1,\"name\":\"Home\",\"item\":\"https:\\\/\\\/cch.decmena.com\\\/fr\\\/\"},{\"@type\":\"ListItem\",\"position\":2,\"name\":\"Solutions Digitales\"}]},{\"@type\":\"WebSite\",\"@id\":\"https:\\\/\\\/cch.decmena.com\\\/#website\",\"url\":\"https:\\\/\\\/cch.decmena.com\\\/\",\"name\":\"Chedid Capital\",\"description\":\"Chedid Capital Holding\",\"publisher\":{\"@id\":\"https:\\\/\\\/cch.decmena.com\\\/#organization\"},\"alternateName\":\"Chedid Capital Holding\",\"potentialAction\":[{\"@type\":\"SearchAction\",\"target\":{\"@type\":\"EntryPoint\",\"urlTemplate\":\"https:\\\/\\\/cch.decmena.com\\\/?s={search_term_string}\"},\"query-input\":{\"@type\":\"PropertyValueSpecification\",\"valueRequired\":true,\"valueName\":\"search_term_string\"}}],\"inLanguage\":\"fr-FR\"},{\"@type\":\"Organization\",\"@id\":\"https:\\\/\\\/cch.decmena.com\\\/#organization\",\"name\":\"Chedid Capital\",\"alternateName\":\"Chedid Capital Holding\",\"url\":\"https:\\\/\\\/cch.decmena.com\\\/\",\"logo\":{\"@type\":\"ImageObject\",\"inLanguage\":\"fr-FR\",\"@id\":\"https:\\\/\\\/cch.decmena.com\\\/#\\\/schema\\\/logo\\\/image\\\/\",\"url\":\"https:\\\/\\\/cch.decmena.com\\\/wp-content\\\/uploads\\\/2022\\\/10\\\/Chedidcapital.png\",\"contentUrl\":\"https:\\\/\\\/cch.decmena.com\\\/wp-content\\\/uploads\\\/2022\\\/10\\\/Chedidcapital.png\",\"width\":400,\"height\":200,\"caption\":\"Chedid Capital\"},\"image\":{\"@id\":\"https:\\\/\\\/cch.decmena.com\\\/#\\\/schema\\\/logo\\\/image\\\/\"},\"sameAs\":[\"https:\\\/\\\/www.facebook.com\\\/ChedidCapital\",\"https:\\\/\\\/www.linkedin\\\/company\\\/chedid-capital\",\"https:\\\/\\\/www.youtube.com\\\/channel\\\/UCC8SpKBTtbcl2o1QKzbpjBQ\\\/videos\",\"https:\\\/\\\/instagram.com\\\/chedid.capital\"],\"description\":\"A financial holding company, Chedid Capital is a leading investment group in the insurance and reinsurance fields. The group, operates across Europe, Middle East, Africa and South Asia. Its subsidiary, Chedid Re, a Lloyd\u2019s official broker, is among the 20 largest reinsurance brokers in the world.\",\"email\":\"info@chedid-capital.com\",\"telephone\":\"+961 5 956 080\",\"legalName\":\"Chedid Capital Holding\",\"foundingDate\":\"2006-01-01\",\"numberOfEmployees\":{\"@type\":\"QuantitativeValue\",\"minValue\":\"1001\",\"maxValue\":\"5000\"}}]}<\/script>\n<!-- \/ Yoast SEO Premium plugin. -->","yoast_head_json":{"title":"Solutions Digitales - Chedid Capital","description":"Bienvenue sur Compare360.com, votre plateforme de confiance pour comparer et acheter des assurances en ligne.","robots":{"index":"index","follow":"follow","max-snippet":"max-snippet:-1","max-image-preview":"max-image-preview:large","max-video-preview":"max-video-preview:-1"},"canonical":"https:\/\/cch.decmena.com\/fr\/solutions-digitales\/","og_locale":"fr_FR","og_type":"article","og_title":"Solutions Digitales","og_description":"A financial holding company, Chedid Capital is a leading investment group in the insurance and reinsurance fields. The group, operates across Europe, Middle East, Africa and South Asia. Its subsidiary, Chedid Re, a Lloyd\u2019s official broker, is among the 20 largest reinsurance brokers in the world.","og_url":"https:\/\/cch.decmena.com\/fr\/solutions-digitales\/","og_site_name":"Chedid Capital","article_publisher":"https:\/\/www.facebook.com\/ChedidCapital","article_modified_time":"2025-07-30T17:27:29+00:00","og_image":[{"url":"https:\/\/cch.decmena.com\/wp-content\/uploads\/2025\/07\/360-01-150x150.webp","type":"","width":"","height":""}],"twitter_card":"summary_large_image","twitter_misc":{"Dur\u00e9e de lecture estim\u00e9e":"1 minute"},"schema":{"@context":"https:\/\/schema.org","@graph":[{"@type":"WebPage","@id":"https:\/\/cch.decmena.com\/fr\/solutions-digitales\/","url":"https:\/\/cch.decmena.com\/fr\/solutions-digitales\/","name":"Solutions Digitales - Chedid Capital","isPartOf":{"@id":"https:\/\/cch.decmena.com\/#website"},"primaryImageOfPage":{"@id":"https:\/\/cch.decmena.com\/fr\/solutions-digitales\/#primaryimage"},"image":{"@id":"https:\/\/cch.decmena.com\/fr\/solutions-digitales\/#primaryimage"},"thumbnailUrl":"https:\/\/cch.decmena.com\/wp-content\/uploads\/2025\/07\/360-01-150x150.webp","datePublished":"2022-10-12T17:43:06+00:00","dateModified":"2025-07-30T17:27:29+00:00","description":"Bienvenue sur Compare360.com, votre plateforme de confiance pour comparer et acheter des assurances en ligne.","breadcrumb":{"@id":"https:\/\/cch.decmena.com\/fr\/solutions-digitales\/#breadcrumb"},"inLanguage":"fr-FR","potentialAction":[{"@type":"ReadAction","target":["https:\/\/cch.decmena.com\/fr\/solutions-digitales\/"]}]},{"@type":"ImageObject","inLanguage":"fr-FR","@id":"https:\/\/cch.decmena.com\/fr\/solutions-digitales\/#primaryimage","url":"https:\/\/cch.decmena.com\/wp-content\/uploads\/2025\/07\/360-01-150x150.webp","contentUrl":"https:\/\/cch.decmena.com\/wp-content\/uploads\/2025\/07\/360-01-150x150.webp"},{"@type":"BreadcrumbList","@id":"https:\/\/cch.decmena.com\/fr\/solutions-digitales\/#breadcrumb","itemListElement":[{"@type":"ListItem","position":1,"name":"Home","item":"https:\/\/cch.decmena.com\/fr\/"},{"@type":"ListItem","position":2,"name":"Solutions Digitales"}]},{"@type":"WebSite","@id":"https:\/\/cch.decmena.com\/#website","url":"https:\/\/cch.decmena.com\/","name":"Chedid Capital","description":"Chedid Capital Holding","publisher":{"@id":"https:\/\/cch.decmena.com\/#organization"},"alternateName":"Chedid Capital Holding","potentialAction":[{"@type":"SearchAction","target":{"@type":"EntryPoint","urlTemplate":"https:\/\/cch.decmena.com\/?s={search_term_string}"},"query-input":{"@type":"PropertyValueSpecification","valueRequired":true,"valueName":"search_term_string"}}],"inLanguage":"fr-FR"},{"@type":"Organization","@id":"https:\/\/cch.decmena.com\/#organization","name":"Chedid Capital","alternateName":"Chedid Capital Holding","url":"https:\/\/cch.decmena.com\/","logo":{"@type":"ImageObject","inLanguage":"fr-FR","@id":"https:\/\/cch.decmena.com\/#\/schema\/logo\/image\/","url":"https:\/\/cch.decmena.com\/wp-content\/uploads\/2022\/10\/Chedidcapital.png","contentUrl":"https:\/\/cch.decmena.com\/wp-content\/uploads\/2022\/10\/Chedidcapital.png","width":400,"height":200,"caption":"Chedid Capital"},"image":{"@id":"https:\/\/cch.decmena.com\/#\/schema\/logo\/image\/"},"sameAs":["https:\/\/www.facebook.com\/ChedidCapital","https:\/\/www.linkedin\/company\/chedid-capital","https:\/\/www.youtube.com\/channel\/UCC8SpKBTtbcl2o1QKzbpjBQ\/videos","https:\/\/instagram.com\/chedid.capital"],"description":"A financial holding company, Chedid Capital is a leading investment group in the insurance and reinsurance fields. The group, operates across Europe, Middle East, Africa and South Asia. Its subsidiary, Chedid Re, a Lloyd\u2019s official broker, is among the 20 largest reinsurance brokers in the world.","email":"info@chedid-capital.com","telephone":"+961 5 956 080","legalName":"Chedid Capital Holding","foundingDate":"2006-01-01","numberOfEmployees":{"@type":"QuantitativeValue","minValue":"1001","maxValue":"5000"}}]}},"_links":{"self":[{"href":"https:\/\/cch.decmena.com\/fr\/wp-json\/wp\/v2\/pages\/7057","targetHints":{"allow":["GET"]}}],"collection":[{"href":"https:\/\/cch.decmena.com\/fr\/wp-json\/wp\/v2\/pages"}],"about":[{"href":"https:\/\/cch.decmena.com\/fr\/wp-json\/wp\/v2\/types\/page"}],"author":[{"embeddable":true,"href":"https:\/\/cch.decmena.com\/fr\/wp-json\/wp\/v2\/users\/1"}],"replies":[{"embeddable":true,"href":"https:\/\/cch.decmena.com\/fr\/wp-json\/wp\/v2\/comments?post=7057"}],"version-history":[{"count":18,"href":"https:\/\/cch.decmena.com\/fr\/wp-json\/wp\/v2\/pages\/7057\/revisions"}],"predecessor-version":[{"id":29082,"href":"https:\/\/cch.decmena.com\/fr\/wp-json\/wp\/v2\/pages\/7057\/revisions\/29082"}],"wp:attachment":[{"href":"https:\/\/cch.decmena.com\/fr\/wp-json\/wp\/v2\/media?parent=7057"}],"curies":[{"name":"wp","href":"https:\/\/api.w.org\/{rel}","templated":true}]}}