{"id":7021,"date":"2022-10-29T12:45:04","date_gmt":"2022-10-29T12:45:04","guid":{"rendered":"https:\/\/chedid-capital.com\/charles-el-hage\/"},"modified":"2023-11-26T16:25:17","modified_gmt":"2023-11-26T16:25:17","slug":"charles-el-hage","status":"publish","type":"page","link":"https:\/\/cch.decmena.com\/fr\/charles-el-hage\/","title":{"rendered":"Charles El Hage"},"content":{"rendered":"\t\t<div data-elementor-type=\"wp-page\" data-elementor-id=\"7021\" class=\"elementor elementor-7021 elementor-4440\" data-elementor-post-type=\"page\">\n\t\t\t\t\t\t<header data-particle_enable=\"false\" data-particle-mobile-disabled=\"false\" class=\"elementor-section elementor-top-section elementor-element elementor-element-187803a2 elementor-section-stretched elementor-section-height-min-height elementor-section-boxed elementor-section-height-default elementor-section-items-middle\" data-id=\"187803a2\" data-element_type=\"section\" data-e-type=\"section\" data-settings=\"{&quot;stretch_section&quot;:&quot;section-stretched&quot;,&quot;background_background&quot;:&quot;classic&quot;,&quot;jet_parallax_layout_list&quot;:[]}\">\n\t\t\t\t\t\t\t<div class=\"elementor-background-overlay\"><\/div>\n\t\t\t\t\t\t\t<div class=\"elementor-container elementor-column-gap-no\">\n\t\t\t\t\t<div class=\"elementor-column elementor-col-100 elementor-top-column elementor-element elementor-element-4f8259e8\" data-id=\"4f8259e8\" data-element_type=\"column\" data-e-type=\"column\">\n\t\t\t<div class=\"elementor-widget-wrap elementor-element-populated\">\n\t\t\t\t\t\t<section data-particle_enable=\"false\" data-particle-mobile-disabled=\"false\" class=\"elementor-section elementor-inner-section elementor-element elementor-element-3e51a135 elementor-section-height-min-height elementor-section-boxed elementor-section-height-default\" data-id=\"3e51a135\" data-element_type=\"section\" data-e-type=\"section\" data-settings=\"{&quot;background_background&quot;:&quot;classic&quot;,&quot;jet_parallax_layout_list&quot;:[]}\">\n\t\t\t\t\t\t\t<div class=\"elementor-background-overlay\"><\/div>\n\t\t\t\t\t\t\t<div class=\"elementor-container elementor-column-gap-default\">\n\t\t\t\t\t<div class=\"elementor-column elementor-col-100 elementor-inner-column elementor-element elementor-element-518912f8\" data-id=\"518912f8\" data-element_type=\"column\" data-e-type=\"column\">\n\t\t\t<div class=\"elementor-widget-wrap elementor-element-populated\">\n\t\t\t\t\t\t<div class=\"elementor-element elementor-element-36ea5c8 elementor-widget-divider--view-line elementor-invisible elementor-widget elementor-widget-divider\" data-id=\"36ea5c8\" data-element_type=\"widget\" data-e-type=\"widget\" data-settings=\"{&quot;_animation&quot;:&quot;fadeInUp&quot;,&quot;_animation_delay&quot;:170}\" data-widget_type=\"divider.default\">\n\t\t\t\t<div class=\"elementor-widget-container\">\n\t\t\t\t\t\t\t<div class=\"elementor-divider\">\n\t\t\t<span class=\"elementor-divider-separator\">\n\t\t\t\t\t\t<\/span>\n\t\t<\/div>\n\t\t\t\t\t\t<\/div>\n\t\t\t\t<\/div>\n\t\t\t\t<div class=\"elementor-element elementor-element-2a5c3b1f elementor-invisible elementor-widget elementor-widget-heading\" data-id=\"2a5c3b1f\" data-element_type=\"widget\" data-e-type=\"widget\" data-settings=\"{&quot;_animation&quot;:&quot;fadeInUp&quot;}\" data-widget_type=\"heading.default\">\n\t\t\t\t<div class=\"elementor-widget-container\">\n\t\t\t\t\t<h2 class=\"elementor-heading-title elementor-size-default\">Rencontrer<\/h2>\t\t\t\t<\/div>\n\t\t\t\t<\/div>\n\t\t\t\t<div class=\"elementor-element elementor-element-2605e742 elementor-invisible elementor-widget elementor-widget-heading\" data-id=\"2605e742\" data-element_type=\"widget\" data-e-type=\"widget\" data-settings=\"{&quot;_animation&quot;:&quot;fadeInUp&quot;,&quot;_animation_delay&quot;:150}\" data-widget_type=\"heading.default\">\n\t\t\t\t<div class=\"elementor-widget-container\">\n\t\t\t\t\t<h1 class=\"elementor-heading-title elementor-size-default\">NOS DIRIGEANTS<\/h1>\t\t\t\t<\/div>\n\t\t\t\t<\/div>\n\t\t\t\t\t<\/div>\n\t\t<\/div>\n\t\t\t\t\t<\/div>\n\t\t<\/section>\n\t\t\t\t\t<\/div>\n\t\t<\/div>\n\t\t\t\t\t<\/div>\n\t\t<\/header>\n\t\t\t\t<section data-particle_enable=\"false\" data-particle-mobile-disabled=\"false\" class=\"elementor-section elementor-top-section elementor-element elementor-element-399460eb elementor-section-boxed elementor-section-height-default elementor-section-height-default\" data-id=\"399460eb\" data-element_type=\"section\" data-e-type=\"section\" data-settings=\"{&quot;jet_parallax_layout_list&quot;:[]}\">\n\t\t\t\t\t\t<div class=\"elementor-container elementor-column-gap-default\">\n\t\t\t\t\t<div class=\"elementor-column elementor-col-100 elementor-top-column elementor-element elementor-element-7b3cf33b\" data-id=\"7b3cf33b\" data-element_type=\"column\" data-e-type=\"column\">\n\t\t\t<div class=\"elementor-widget-wrap elementor-element-populated\">\n\t\t\t\t\t\t<div class=\"elementor-element elementor-element-1c736092 elementor-widget-divider--view-line elementor-widget elementor-widget-divider\" data-id=\"1c736092\" data-element_type=\"widget\" data-e-type=\"widget\" data-widget_type=\"divider.default\">\n\t\t\t\t<div class=\"elementor-widget-container\">\n\t\t\t\t\t\t\t<div class=\"elementor-divider\">\n\t\t\t<span class=\"elementor-divider-separator\">\n\t\t\t\t\t\t<\/span>\n\t\t<\/div>\n\t\t\t\t\t\t<\/div>\n\t\t\t\t<\/div>\n\t\t\t\t\t<\/div>\n\t\t<\/div>\n\t\t\t\t\t<\/div>\n\t\t<\/section>\n\t\t\t\t<section data-particle_enable=\"false\" data-particle-mobile-disabled=\"false\" class=\"elementor-section elementor-top-section elementor-element elementor-element-219333ab elementor-section-stretched elementor-section-boxed elementor-section-height-default elementor-section-height-default\" data-id=\"219333ab\" data-element_type=\"section\" data-e-type=\"section\" data-settings=\"{&quot;background_background&quot;:&quot;classic&quot;,&quot;stretch_section&quot;:&quot;section-stretched&quot;,&quot;jet_parallax_layout_list&quot;:[]}\">\n\t\t\t\t\t\t<div class=\"elementor-container elementor-column-gap-no\">\n\t\t\t\t\t<div class=\"elementor-column elementor-col-50 elementor-top-column elementor-element elementor-element-277e3853\" data-id=\"277e3853\" data-element_type=\"column\" data-e-type=\"column\" data-settings=\"{&quot;background_background&quot;:&quot;classic&quot;}\">\n\t\t\t<div class=\"elementor-widget-wrap elementor-element-populated\">\n\t\t\t\t\t\t<div class=\"elementor-element elementor-element-60170e4d elementor-invisible elementor-widget elementor-widget-image\" data-id=\"60170e4d\" data-element_type=\"widget\" data-e-type=\"widget\" data-settings=\"{&quot;_animation&quot;:&quot;fadeInLeft&quot;,&quot;_animation_delay&quot;:200}\" data-widget_type=\"image.default\">\n\t\t\t\t<div class=\"elementor-widget-container\">\n\t\t\t\t\t\t\t\t\t\t\t\t\t\t\t<img decoding=\"async\" src=\"https:\/\/cch.decmena.com\/wp-content\/uploads\/elementor\/thumbs\/Charles-ElHage-q0y3ii9wdwb75jbw3l2mbwbkfy4wix8mhcvk4t153u.jpg\" title=\"Charles ElHage\" alt=\"Charles ElHage\" loading=\"lazy\" \/>\t\t\t\t\t\t\t\t\t\t\t\t\t\t\t<\/div>\n\t\t\t\t<\/div>\n\t\t\t\t\t<\/div>\n\t\t<\/div>\n\t\t\t\t<div class=\"elementor-column elementor-col-50 elementor-top-column elementor-element elementor-element-48106ad5\" data-id=\"48106ad5\" data-element_type=\"column\" data-e-type=\"column\">\n\t\t\t<div class=\"elementor-widget-wrap elementor-element-populated\">\n\t\t\t\t\t\t<div class=\"elementor-element elementor-element-7d44cfe2 elementor-widget elementor-widget-heading\" data-id=\"7d44cfe2\" data-element_type=\"widget\" data-e-type=\"widget\" data-widget_type=\"heading.default\">\n\t\t\t\t<div class=\"elementor-widget-container\">\n\t\t\t\t\t<h2 class=\"elementor-heading-title elementor-size-default\">CHARLES<\/h2>\t\t\t\t<\/div>\n\t\t\t\t<\/div>\n\t\t\t\t<div class=\"elementor-element elementor-element-339334dc elementor-widget elementor-widget-heading\" data-id=\"339334dc\" data-element_type=\"widget\" data-e-type=\"widget\" data-widget_type=\"heading.default\">\n\t\t\t\t<div class=\"elementor-widget-container\">\n\t\t\t\t\t<h2 class=\"elementor-heading-title elementor-size-default\">El Hage<\/h2>\t\t\t\t<\/div>\n\t\t\t\t<\/div>\n\t\t\t\t<div class=\"elementor-element elementor-element-5e0df130 elementor-widget-divider--view-line elementor-widget elementor-widget-divider\" data-id=\"5e0df130\" data-element_type=\"widget\" data-e-type=\"widget\" data-widget_type=\"divider.default\">\n\t\t\t\t<div class=\"elementor-widget-container\">\n\t\t\t\t\t\t\t<div class=\"elementor-divider\">\n\t\t\t<span class=\"elementor-divider-separator\">\n\t\t\t\t\t\t<\/span>\n\t\t<\/div>\n\t\t\t\t\t\t<\/div>\n\t\t\t\t<\/div>\n\t\t\t\t<div class=\"elementor-element elementor-element-8541883 elementor-widget elementor-widget-text-editor\" data-id=\"8541883\" data-element_type=\"widget\" data-e-type=\"widget\" data-widget_type=\"text-editor.default\">\n\t\t\t\t<div class=\"elementor-widget-container\">\n\t\t\t\t\t\t\t\t\t<p>Ancien vice-pr\u00e9sident principal de \u00ab Booz Allen Hamilton \u00bb, Charles El-Hage a plus de 30 ans d\u2019exp\u00e9rience dans la gestion et le conseil \u00e0 l\u2019\u00e9chelle mondiale, couvrant une grande vari\u00e9t\u00e9 d\u2019industries et de domaines fonctionnels. Il a cr\u00e9\u00e9 l\u2019entreprise \u00ab Booz Allen \u00bb au Moyen-Orient en 1993 et l\u2019a dirig\u00e9e jusqu\u2019\u00e0 sa retraite du conseil en 2009.<\/p>\n<p>Au cours de cette p\u00e9riode, Charles a travaill\u00e9 dans un large \u00e9ventail d\u2019industries, notamment la banque, l\u2019assurance, l\u2019automobile, les soins de sant\u00e9, les t\u00e9l\u00e9communications, le p\u00e9trole, les produits chimiques, les technologies de l\u2019information et la construction. En outre, il a aid\u00e9 un certain nombre de gouvernements du Moyen-Orient sur des questions de politique nationale et de gouvernance.<\/p>\n<p>Charles si\u00e8ge actuellement au conseil d\u2019administration d\u2019entreprises et d\u2019organisations \u00e0 but non lucratif du Moyen-Orient. Il S&rsquo;agit notamment de \u00ab Chedid Capital Holding \u00bb, \u00ab Group One \u00bb, \u00ab Quantum Group \u00bb, \u00ab Chalhoub Group \u00bb, \u00ab MAN Group \u00bb, Libanpost et \u00ab Lebanon Renaissance Foundation \u00bb.<\/p>\n<p>Charles est conseill\u00e9 de fonds d\u2019investissements pour PME et activement impliqu\u00e9 dans des entreprises dans les secteurs : agroalimentaire, h\u00f4tellerie et du d\u00e9veloppement rural.<\/p>\n<p>Il est titulaire d\u2019un master en g\u00e9nie industriel et d\u2019une licence en gestion industrielle de l\u2019Universit\u00e9 \u00ab Purdue \u00bb. Il est dipl\u00f4m\u00e9 du programme \u00ab Young Managers \u00bb de l\u2019INSEAD.<\/p>\n\t\t\t\t\t\t\t\t<\/div>\n\t\t\t\t<\/div>\n\t\t\t\t\t<\/div>\n\t\t<\/div>\n\t\t\t\t\t<\/div>\n\t\t<\/section>\n\t\t\t\t<section data-particle_enable=\"false\" data-particle-mobile-disabled=\"false\" class=\"elementor-section elementor-top-section elementor-element elementor-element-406bb53 elementor-section-boxed elementor-section-height-default elementor-section-height-default\" data-id=\"406bb53\" data-element_type=\"section\" data-e-type=\"section\" data-settings=\"{&quot;jet_parallax_layout_list&quot;:[]}\">\n\t\t\t\t\t\t<div class=\"elementor-container elementor-column-gap-default\">\n\t\t\t\t\t<div class=\"elementor-column elementor-col-100 elementor-top-column elementor-element elementor-element-30d552c\" data-id=\"30d552c\" data-element_type=\"column\" data-e-type=\"column\">\n\t\t\t<div class=\"elementor-widget-wrap elementor-element-populated\">\n\t\t\t\t\t\t<div class=\"elementor-element elementor-element-c916555 elementor-widget elementor-widget-spacer\" data-id=\"c916555\" data-element_type=\"widget\" data-e-type=\"widget\" data-widget_type=\"spacer.default\">\n\t\t\t\t<div class=\"elementor-widget-container\">\n\t\t\t\t\t\t\t<div class=\"elementor-spacer\">\n\t\t\t<div class=\"elementor-spacer-inner\"><\/div>\n\t\t<\/div>\n\t\t\t\t\t\t<\/div>\n\t\t\t\t<\/div>\n\t\t\t\t\t<\/div>\n\t\t<\/div>\n\t\t\t\t\t<\/div>\n\t\t<\/section>\n\t\t\t\t<\/div>\n\t\t","protected":false},"excerpt":{"rendered":"<p>Rencontrer NOS DIRIGEANTS CHARLES El Hage Ancien vice-pr\u00e9sident principal de \u00ab Booz Allen Hamilton \u00bb, Charles El-Hage a plus de 30 ans d\u2019exp\u00e9rience dans la gestion et le conseil \u00e0 l\u2019\u00e9chelle mondiale, couvrant une grande vari\u00e9t\u00e9 d\u2019industries et de domaines fonctionnels. Il a cr\u00e9\u00e9 l\u2019entreprise \u00ab Booz Allen \u00bb au Moyen-Orient en 1993 et l\u2019a [&hellip;]<\/p>\n","protected":false},"author":1,"featured_media":0,"parent":0,"menu_order":0,"comment_status":"closed","ping_status":"closed","template":"","meta":{"_monsterinsights_skip_tracking":false,"_monsterinsights_sitenote_active":false,"_monsterinsights_sitenote_note":"","_monsterinsights_sitenote_category":0,"footnotes":""},"class_list":["post-7021","page","type-page","status-publish","hentry"],"yoast_head":"<!-- This site is optimized with the Yoast SEO Premium plugin v27.0 (Yoast SEO v27.3) - https:\/\/yoast.com\/product\/yoast-seo-premium-wordpress\/ -->\n<title>Charles El Hage - Chedid Capital<\/title>\n<meta name=\"description\" content=\"Membre du Conseil d&#039;Administration - Chedid Capital\" \/>\n<meta name=\"robots\" content=\"index, follow, max-snippet:-1, max-image-preview:large, max-video-preview:-1\" \/>\n<link rel=\"canonical\" href=\"https:\/\/cch.decmena.com\/fr\/charles-el-hage\/\" \/>\n<meta property=\"og:locale\" content=\"fr_FR\" \/>\n<meta property=\"og:type\" content=\"article\" \/>\n<meta property=\"og:title\" content=\"Charles El Hage\" \/>\n<meta property=\"og:description\" content=\"A financial holding company, Chedid Capital is a leading investment group in the insurance and reinsurance fields. The group, operates across Europe, Middle East, Africa and South Asia. Its subsidiary, Chedid Re, a Lloyd\u2019s official broker, is among the 20 largest reinsurance brokers in the world.\" \/>\n<meta property=\"og:url\" content=\"https:\/\/cch.decmena.com\/fr\/charles-el-hage\/\" \/>\n<meta property=\"og:site_name\" content=\"Chedid Capital\" \/>\n<meta property=\"article:publisher\" content=\"https:\/\/www.facebook.com\/ChedidCapital\" \/>\n<meta property=\"article:modified_time\" content=\"2023-11-26T16:25:17+00:00\" \/>\n<meta property=\"og:image\" content=\"https:\/\/cch.decmena.com\/wp-content\/uploads\/elementor\/thumbs\/Charles-ElHage-q0y3ii9wdwb75jbw3l2mbwbkfy4wix8mhcvk4t13be.jpg\" \/>\n<meta name=\"twitter:card\" content=\"summary_large_image\" \/>\n<meta name=\"twitter:label1\" content=\"Dur\u00e9e de lecture estim\u00e9e\" \/>\n\t<meta name=\"twitter:data1\" content=\"2 minutes\" \/>\n<script type=\"application\/ld+json\" class=\"yoast-schema-graph\">{\"@context\":\"https:\\\/\\\/schema.org\",\"@graph\":[{\"@type\":\"WebPage\",\"@id\":\"https:\\\/\\\/cch.decmena.com\\\/fr\\\/charles-el-hage\\\/\",\"url\":\"https:\\\/\\\/cch.decmena.com\\\/fr\\\/charles-el-hage\\\/\",\"name\":\"Charles El Hage - Chedid Capital\",\"isPartOf\":{\"@id\":\"https:\\\/\\\/cch.decmena.com\\\/#website\"},\"primaryImageOfPage\":{\"@id\":\"https:\\\/\\\/cch.decmena.com\\\/fr\\\/charles-el-hage\\\/#primaryimage\"},\"image\":{\"@id\":\"https:\\\/\\\/cch.decmena.com\\\/fr\\\/charles-el-hage\\\/#primaryimage\"},\"thumbnailUrl\":\"https:\\\/\\\/cch.decmena.com\\\/wp-content\\\/uploads\\\/elementor\\\/thumbs\\\/Charles-ElHage-q0y3ii9wdwb75jbw3l2mbwbkfy4wix8mhcvk4t13be.jpg\",\"datePublished\":\"2022-10-29T12:45:04+00:00\",\"dateModified\":\"2023-11-26T16:25:17+00:00\",\"description\":\"Membre du Conseil d'Administration - Chedid Capital\",\"breadcrumb\":{\"@id\":\"https:\\\/\\\/cch.decmena.com\\\/fr\\\/charles-el-hage\\\/#breadcrumb\"},\"inLanguage\":\"fr-FR\",\"potentialAction\":[{\"@type\":\"ReadAction\",\"target\":[\"https:\\\/\\\/cch.decmena.com\\\/fr\\\/charles-el-hage\\\/\"]}]},{\"@type\":\"ImageObject\",\"inLanguage\":\"fr-FR\",\"@id\":\"https:\\\/\\\/cch.decmena.com\\\/fr\\\/charles-el-hage\\\/#primaryimage\",\"url\":\"https:\\\/\\\/cch.decmena.com\\\/wp-content\\\/uploads\\\/elementor\\\/thumbs\\\/Charles-ElHage-q0y3ii9wdwb75jbw3l2mbwbkfy4wix8mhcvk4t13be.jpg\",\"contentUrl\":\"https:\\\/\\\/cch.decmena.com\\\/wp-content\\\/uploads\\\/elementor\\\/thumbs\\\/Charles-ElHage-q0y3ii9wdwb75jbw3l2mbwbkfy4wix8mhcvk4t13be.jpg\"},{\"@type\":\"BreadcrumbList\",\"@id\":\"https:\\\/\\\/cch.decmena.com\\\/fr\\\/charles-el-hage\\\/#breadcrumb\",\"itemListElement\":[{\"@type\":\"ListItem\",\"position\":1,\"name\":\"Home\",\"item\":\"https:\\\/\\\/cch.decmena.com\\\/fr\\\/\"},{\"@type\":\"ListItem\",\"position\":2,\"name\":\"Charles El Hage\"}]},{\"@type\":\"WebSite\",\"@id\":\"https:\\\/\\\/cch.decmena.com\\\/#website\",\"url\":\"https:\\\/\\\/cch.decmena.com\\\/\",\"name\":\"Chedid Capital\",\"description\":\"Chedid Capital Holding\",\"publisher\":{\"@id\":\"https:\\\/\\\/cch.decmena.com\\\/#organization\"},\"alternateName\":\"Chedid Capital Holding\",\"potentialAction\":[{\"@type\":\"SearchAction\",\"target\":{\"@type\":\"EntryPoint\",\"urlTemplate\":\"https:\\\/\\\/cch.decmena.com\\\/?s={search_term_string}\"},\"query-input\":{\"@type\":\"PropertyValueSpecification\",\"valueRequired\":true,\"valueName\":\"search_term_string\"}}],\"inLanguage\":\"fr-FR\"},{\"@type\":\"Organization\",\"@id\":\"https:\\\/\\\/cch.decmena.com\\\/#organization\",\"name\":\"Chedid Capital\",\"alternateName\":\"Chedid Capital Holding\",\"url\":\"https:\\\/\\\/cch.decmena.com\\\/\",\"logo\":{\"@type\":\"ImageObject\",\"inLanguage\":\"fr-FR\",\"@id\":\"https:\\\/\\\/cch.decmena.com\\\/#\\\/schema\\\/logo\\\/image\\\/\",\"url\":\"https:\\\/\\\/cch.decmena.com\\\/wp-content\\\/uploads\\\/2022\\\/10\\\/Chedidcapital.png\",\"contentUrl\":\"https:\\\/\\\/cch.decmena.com\\\/wp-content\\\/uploads\\\/2022\\\/10\\\/Chedidcapital.png\",\"width\":400,\"height\":200,\"caption\":\"Chedid Capital\"},\"image\":{\"@id\":\"https:\\\/\\\/cch.decmena.com\\\/#\\\/schema\\\/logo\\\/image\\\/\"},\"sameAs\":[\"https:\\\/\\\/www.facebook.com\\\/ChedidCapital\",\"https:\\\/\\\/www.linkedin\\\/company\\\/chedid-capital\",\"https:\\\/\\\/www.youtube.com\\\/channel\\\/UCC8SpKBTtbcl2o1QKzbpjBQ\\\/videos\",\"https:\\\/\\\/instagram.com\\\/chedid.capital\"],\"description\":\"A financial holding company, Chedid Capital is a leading investment group in the insurance and reinsurance fields. The group, operates across Europe, Middle East, Africa and South Asia. Its subsidiary, Chedid Re, a Lloyd\u2019s official broker, is among the 20 largest reinsurance brokers in the world.\",\"email\":\"info@chedid-capital.com\",\"telephone\":\"+961 5 956 080\",\"legalName\":\"Chedid Capital Holding\",\"foundingDate\":\"2006-01-01\",\"numberOfEmployees\":{\"@type\":\"QuantitativeValue\",\"minValue\":\"1001\",\"maxValue\":\"5000\"}}]}<\/script>\n<!-- \/ Yoast SEO Premium plugin. -->","yoast_head_json":{"title":"Charles El Hage - Chedid Capital","description":"Membre du Conseil d'Administration - Chedid Capital","robots":{"index":"index","follow":"follow","max-snippet":"max-snippet:-1","max-image-preview":"max-image-preview:large","max-video-preview":"max-video-preview:-1"},"canonical":"https:\/\/cch.decmena.com\/fr\/charles-el-hage\/","og_locale":"fr_FR","og_type":"article","og_title":"Charles El Hage","og_description":"A financial holding company, Chedid Capital is a leading investment group in the insurance and reinsurance fields. The group, operates across Europe, Middle East, Africa and South Asia. Its subsidiary, Chedid Re, a Lloyd\u2019s official broker, is among the 20 largest reinsurance brokers in the world.","og_url":"https:\/\/cch.decmena.com\/fr\/charles-el-hage\/","og_site_name":"Chedid Capital","article_publisher":"https:\/\/www.facebook.com\/ChedidCapital","article_modified_time":"2023-11-26T16:25:17+00:00","og_image":[{"url":"https:\/\/cch.decmena.com\/wp-content\/uploads\/elementor\/thumbs\/Charles-ElHage-q0y3ii9wdwb75jbw3l2mbwbkfy4wix8mhcvk4t13be.jpg","type":"","width":"","height":""}],"twitter_card":"summary_large_image","twitter_misc":{"Dur\u00e9e de lecture estim\u00e9e":"2 minutes"},"schema":{"@context":"https:\/\/schema.org","@graph":[{"@type":"WebPage","@id":"https:\/\/cch.decmena.com\/fr\/charles-el-hage\/","url":"https:\/\/cch.decmena.com\/fr\/charles-el-hage\/","name":"Charles El Hage - Chedid Capital","isPartOf":{"@id":"https:\/\/cch.decmena.com\/#website"},"primaryImageOfPage":{"@id":"https:\/\/cch.decmena.com\/fr\/charles-el-hage\/#primaryimage"},"image":{"@id":"https:\/\/cch.decmena.com\/fr\/charles-el-hage\/#primaryimage"},"thumbnailUrl":"https:\/\/cch.decmena.com\/wp-content\/uploads\/elementor\/thumbs\/Charles-ElHage-q0y3ii9wdwb75jbw3l2mbwbkfy4wix8mhcvk4t13be.jpg","datePublished":"2022-10-29T12:45:04+00:00","dateModified":"2023-11-26T16:25:17+00:00","description":"Membre du Conseil d'Administration - Chedid Capital","breadcrumb":{"@id":"https:\/\/cch.decmena.com\/fr\/charles-el-hage\/#breadcrumb"},"inLanguage":"fr-FR","potentialAction":[{"@type":"ReadAction","target":["https:\/\/cch.decmena.com\/fr\/charles-el-hage\/"]}]},{"@type":"ImageObject","inLanguage":"fr-FR","@id":"https:\/\/cch.decmena.com\/fr\/charles-el-hage\/#primaryimage","url":"https:\/\/cch.decmena.com\/wp-content\/uploads\/elementor\/thumbs\/Charles-ElHage-q0y3ii9wdwb75jbw3l2mbwbkfy4wix8mhcvk4t13be.jpg","contentUrl":"https:\/\/cch.decmena.com\/wp-content\/uploads\/elementor\/thumbs\/Charles-ElHage-q0y3ii9wdwb75jbw3l2mbwbkfy4wix8mhcvk4t13be.jpg"},{"@type":"BreadcrumbList","@id":"https:\/\/cch.decmena.com\/fr\/charles-el-hage\/#breadcrumb","itemListElement":[{"@type":"ListItem","position":1,"name":"Home","item":"https:\/\/cch.decmena.com\/fr\/"},{"@type":"ListItem","position":2,"name":"Charles El Hage"}]},{"@type":"WebSite","@id":"https:\/\/cch.decmena.com\/#website","url":"https:\/\/cch.decmena.com\/","name":"Chedid Capital","description":"Chedid Capital Holding","publisher":{"@id":"https:\/\/cch.decmena.com\/#organization"},"alternateName":"Chedid Capital Holding","potentialAction":[{"@type":"SearchAction","target":{"@type":"EntryPoint","urlTemplate":"https:\/\/cch.decmena.com\/?s={search_term_string}"},"query-input":{"@type":"PropertyValueSpecification","valueRequired":true,"valueName":"search_term_string"}}],"inLanguage":"fr-FR"},{"@type":"Organization","@id":"https:\/\/cch.decmena.com\/#organization","name":"Chedid Capital","alternateName":"Chedid Capital Holding","url":"https:\/\/cch.decmena.com\/","logo":{"@type":"ImageObject","inLanguage":"fr-FR","@id":"https:\/\/cch.decmena.com\/#\/schema\/logo\/image\/","url":"https:\/\/cch.decmena.com\/wp-content\/uploads\/2022\/10\/Chedidcapital.png","contentUrl":"https:\/\/cch.decmena.com\/wp-content\/uploads\/2022\/10\/Chedidcapital.png","width":400,"height":200,"caption":"Chedid Capital"},"image":{"@id":"https:\/\/cch.decmena.com\/#\/schema\/logo\/image\/"},"sameAs":["https:\/\/www.facebook.com\/ChedidCapital","https:\/\/www.linkedin\/company\/chedid-capital","https:\/\/www.youtube.com\/channel\/UCC8SpKBTtbcl2o1QKzbpjBQ\/videos","https:\/\/instagram.com\/chedid.capital"],"description":"A financial holding company, Chedid Capital is a leading investment group in the insurance and reinsurance fields. The group, operates across Europe, Middle East, Africa and South Asia. Its subsidiary, Chedid Re, a Lloyd\u2019s official broker, is among the 20 largest reinsurance brokers in the world.","email":"info@chedid-capital.com","telephone":"+961 5 956 080","legalName":"Chedid Capital Holding","foundingDate":"2006-01-01","numberOfEmployees":{"@type":"QuantitativeValue","minValue":"1001","maxValue":"5000"}}]}},"_links":{"self":[{"href":"https:\/\/cch.decmena.com\/fr\/wp-json\/wp\/v2\/pages\/7021","targetHints":{"allow":["GET"]}}],"collection":[{"href":"https:\/\/cch.decmena.com\/fr\/wp-json\/wp\/v2\/pages"}],"about":[{"href":"https:\/\/cch.decmena.com\/fr\/wp-json\/wp\/v2\/types\/page"}],"author":[{"embeddable":true,"href":"https:\/\/cch.decmena.com\/fr\/wp-json\/wp\/v2\/users\/1"}],"replies":[{"embeddable":true,"href":"https:\/\/cch.decmena.com\/fr\/wp-json\/wp\/v2\/comments?post=7021"}],"version-history":[{"count":13,"href":"https:\/\/cch.decmena.com\/fr\/wp-json\/wp\/v2\/pages\/7021\/revisions"}],"predecessor-version":[{"id":10395,"href":"https:\/\/cch.decmena.com\/fr\/wp-json\/wp\/v2\/pages\/7021\/revisions\/10395"}],"wp:attachment":[{"href":"https:\/\/cch.decmena.com\/fr\/wp-json\/wp\/v2\/media?parent=7021"}],"curies":[{"name":"wp","href":"https:\/\/api.w.org\/{rel}","templated":true}]}}