{"id":7013,"date":"2022-11-07T16:10:27","date_gmt":"2022-11-07T16:10:27","guid":{"rendered":"https:\/\/chedid-capital.com\/aldo-cardoso\/"},"modified":"2023-11-26T16:25:46","modified_gmt":"2023-11-26T16:25:46","slug":"aldo-cardoso","status":"publish","type":"page","link":"https:\/\/cch.decmena.com\/fr\/aldo-cardoso\/","title":{"rendered":"Aldo Cardoso"},"content":{"rendered":"\t\t<div data-elementor-type=\"wp-page\" data-elementor-id=\"7013\" class=\"elementor elementor-7013 elementor-4656\" data-elementor-post-type=\"page\">\n\t\t\t\t\t\t<header data-particle_enable=\"false\" data-particle-mobile-disabled=\"false\" class=\"elementor-section elementor-top-section elementor-element elementor-element-187803a2 elementor-section-stretched elementor-section-height-min-height elementor-section-boxed elementor-section-height-default elementor-section-items-middle\" data-id=\"187803a2\" data-element_type=\"section\" data-e-type=\"section\" data-settings=\"{&quot;stretch_section&quot;:&quot;section-stretched&quot;,&quot;background_background&quot;:&quot;classic&quot;,&quot;jet_parallax_layout_list&quot;:[]}\">\n\t\t\t\t\t\t\t<div class=\"elementor-background-overlay\"><\/div>\n\t\t\t\t\t\t\t<div class=\"elementor-container elementor-column-gap-no\">\n\t\t\t\t\t<div class=\"elementor-column elementor-col-100 elementor-top-column elementor-element elementor-element-4f8259e8\" data-id=\"4f8259e8\" data-element_type=\"column\" data-e-type=\"column\">\n\t\t\t<div class=\"elementor-widget-wrap elementor-element-populated\">\n\t\t\t\t\t\t<section data-particle_enable=\"false\" data-particle-mobile-disabled=\"false\" class=\"elementor-section elementor-inner-section elementor-element elementor-element-3e51a135 elementor-section-height-min-height elementor-section-boxed elementor-section-height-default\" data-id=\"3e51a135\" data-element_type=\"section\" data-e-type=\"section\" data-settings=\"{&quot;background_background&quot;:&quot;classic&quot;,&quot;jet_parallax_layout_list&quot;:[]}\">\n\t\t\t\t\t\t\t<div class=\"elementor-background-overlay\"><\/div>\n\t\t\t\t\t\t\t<div class=\"elementor-container elementor-column-gap-default\">\n\t\t\t\t\t<div class=\"elementor-column elementor-col-100 elementor-inner-column elementor-element elementor-element-518912f8\" data-id=\"518912f8\" data-element_type=\"column\" data-e-type=\"column\">\n\t\t\t<div class=\"elementor-widget-wrap elementor-element-populated\">\n\t\t\t\t\t\t<div class=\"elementor-element elementor-element-36ea5c8 elementor-widget-divider--view-line elementor-invisible elementor-widget elementor-widget-divider\" data-id=\"36ea5c8\" data-element_type=\"widget\" data-e-type=\"widget\" data-settings=\"{&quot;_animation&quot;:&quot;fadeInUp&quot;,&quot;_animation_delay&quot;:170}\" data-widget_type=\"divider.default\">\n\t\t\t\t<div class=\"elementor-widget-container\">\n\t\t\t\t\t\t\t<div class=\"elementor-divider\">\n\t\t\t<span class=\"elementor-divider-separator\">\n\t\t\t\t\t\t<\/span>\n\t\t<\/div>\n\t\t\t\t\t\t<\/div>\n\t\t\t\t<\/div>\n\t\t\t\t<div class=\"elementor-element elementor-element-2a5c3b1f elementor-invisible elementor-widget elementor-widget-heading\" data-id=\"2a5c3b1f\" data-element_type=\"widget\" data-e-type=\"widget\" data-settings=\"{&quot;_animation&quot;:&quot;fadeInUp&quot;}\" data-widget_type=\"heading.default\">\n\t\t\t\t<div class=\"elementor-widget-container\">\n\t\t\t\t\t<h2 class=\"elementor-heading-title elementor-size-default\">Rencontrer<\/h2>\t\t\t\t<\/div>\n\t\t\t\t<\/div>\n\t\t\t\t<div class=\"elementor-element elementor-element-2605e742 elementor-invisible elementor-widget elementor-widget-heading\" data-id=\"2605e742\" data-element_type=\"widget\" data-e-type=\"widget\" data-settings=\"{&quot;_animation&quot;:&quot;fadeInUp&quot;,&quot;_animation_delay&quot;:150}\" data-widget_type=\"heading.default\">\n\t\t\t\t<div class=\"elementor-widget-container\">\n\t\t\t\t\t<h1 class=\"elementor-heading-title elementor-size-default\">NOS DIRIGEANTS<\/h1>\t\t\t\t<\/div>\n\t\t\t\t<\/div>\n\t\t\t\t\t<\/div>\n\t\t<\/div>\n\t\t\t\t\t<\/div>\n\t\t<\/section>\n\t\t\t\t\t<\/div>\n\t\t<\/div>\n\t\t\t\t\t<\/div>\n\t\t<\/header>\n\t\t\t\t<section data-particle_enable=\"false\" data-particle-mobile-disabled=\"false\" class=\"elementor-section elementor-top-section elementor-element elementor-element-399460eb elementor-section-boxed elementor-section-height-default elementor-section-height-default\" data-id=\"399460eb\" data-element_type=\"section\" data-e-type=\"section\" data-settings=\"{&quot;jet_parallax_layout_list&quot;:[]}\">\n\t\t\t\t\t\t<div class=\"elementor-container elementor-column-gap-default\">\n\t\t\t\t\t<div class=\"elementor-column elementor-col-100 elementor-top-column elementor-element elementor-element-7b3cf33b\" data-id=\"7b3cf33b\" data-element_type=\"column\" data-e-type=\"column\">\n\t\t\t<div class=\"elementor-widget-wrap elementor-element-populated\">\n\t\t\t\t\t\t<div class=\"elementor-element elementor-element-1c736092 elementor-widget-divider--view-line elementor-widget elementor-widget-divider\" data-id=\"1c736092\" data-element_type=\"widget\" data-e-type=\"widget\" data-widget_type=\"divider.default\">\n\t\t\t\t<div class=\"elementor-widget-container\">\n\t\t\t\t\t\t\t<div class=\"elementor-divider\">\n\t\t\t<span class=\"elementor-divider-separator\">\n\t\t\t\t\t\t<\/span>\n\t\t<\/div>\n\t\t\t\t\t\t<\/div>\n\t\t\t\t<\/div>\n\t\t\t\t\t<\/div>\n\t\t<\/div>\n\t\t\t\t\t<\/div>\n\t\t<\/section>\n\t\t\t\t<section data-particle_enable=\"false\" data-particle-mobile-disabled=\"false\" class=\"elementor-section elementor-top-section elementor-element elementor-element-219333ab elementor-section-stretched elementor-section-boxed elementor-section-height-default elementor-section-height-default\" data-id=\"219333ab\" data-element_type=\"section\" data-e-type=\"section\" data-settings=\"{&quot;background_background&quot;:&quot;classic&quot;,&quot;stretch_section&quot;:&quot;section-stretched&quot;,&quot;jet_parallax_layout_list&quot;:[]}\">\n\t\t\t\t\t\t<div class=\"elementor-container elementor-column-gap-no\">\n\t\t\t\t\t<div class=\"elementor-column elementor-col-50 elementor-top-column elementor-element elementor-element-277e3853\" data-id=\"277e3853\" data-element_type=\"column\" data-e-type=\"column\" data-settings=\"{&quot;background_background&quot;:&quot;classic&quot;}\">\n\t\t\t<div class=\"elementor-widget-wrap elementor-element-populated\">\n\t\t\t\t\t\t<div class=\"elementor-element elementor-element-60170e4d elementor-invisible elementor-widget elementor-widget-image\" data-id=\"60170e4d\" data-element_type=\"widget\" data-e-type=\"widget\" data-settings=\"{&quot;_animation&quot;:&quot;fadeInLeft&quot;,&quot;_animation_delay&quot;:200}\" data-widget_type=\"image.default\">\n\t\t\t\t<div class=\"elementor-widget-container\">\n\t\t\t\t\t\t\t\t\t\t\t\t\t\t\t<img decoding=\"async\" src=\"https:\/\/cch.decmena.com\/wp-content\/uploads\/elementor\/thumbs\/Aldo-Cardoso-q0y3ii9wdwb75jbw3l2mbwbkfy4wix8mhcvk4t153u.jpg\" title=\"Aldo Cardoso\" alt=\"Aldo Cardoso\" loading=\"lazy\" \/>\t\t\t\t\t\t\t\t\t\t\t\t\t\t\t<\/div>\n\t\t\t\t<\/div>\n\t\t\t\t\t<\/div>\n\t\t<\/div>\n\t\t\t\t<div class=\"elementor-column elementor-col-50 elementor-top-column elementor-element elementor-element-48106ad5\" data-id=\"48106ad5\" data-element_type=\"column\" data-e-type=\"column\">\n\t\t\t<div class=\"elementor-widget-wrap elementor-element-populated\">\n\t\t\t\t\t\t<div class=\"elementor-element elementor-element-7d44cfe2 elementor-widget elementor-widget-heading\" data-id=\"7d44cfe2\" data-element_type=\"widget\" data-e-type=\"widget\" data-widget_type=\"heading.default\">\n\t\t\t\t<div class=\"elementor-widget-container\">\n\t\t\t\t\t<h2 class=\"elementor-heading-title elementor-size-default\">ALDO<\/h2>\t\t\t\t<\/div>\n\t\t\t\t<\/div>\n\t\t\t\t<div class=\"elementor-element elementor-element-339334dc elementor-widget elementor-widget-heading\" data-id=\"339334dc\" data-element_type=\"widget\" data-e-type=\"widget\" data-widget_type=\"heading.default\">\n\t\t\t\t<div class=\"elementor-widget-container\">\n\t\t\t\t\t<h2 class=\"elementor-heading-title elementor-size-default\">CARDOSO<\/h2>\t\t\t\t<\/div>\n\t\t\t\t<\/div>\n\t\t\t\t<div class=\"elementor-element elementor-element-5e0df130 elementor-widget-divider--view-line elementor-widget elementor-widget-divider\" data-id=\"5e0df130\" data-element_type=\"widget\" data-e-type=\"widget\" data-widget_type=\"divider.default\">\n\t\t\t\t<div class=\"elementor-widget-container\">\n\t\t\t\t\t\t\t<div class=\"elementor-divider\">\n\t\t\t<span class=\"elementor-divider-separator\">\n\t\t\t\t\t\t<\/span>\n\t\t<\/div>\n\t\t\t\t\t\t<\/div>\n\t\t\t\t<\/div>\n\t\t\t\t<div class=\"elementor-element elementor-element-8541883 elementor-widget elementor-widget-text-editor\" data-id=\"8541883\" data-element_type=\"widget\" data-e-type=\"widget\" data-widget_type=\"text-editor.default\">\n\t\t\t\t<div class=\"elementor-widget-container\">\n\t\t\t\t\t\t\t\t\t<p>Aldo Cardoso est un consultant en gestion, sp\u00e9cialis\u00e9 dans le conseil financier et de gestion. <\/p>\n<p>Il est Pr\u00e9sident du Conseil d\u2019administration de Bureau Veritas, Imerys, Worldline, DWS (Francfort) et Ontex (Bruxelles), et a pr\u00e9c\u00e9demment \u00e9t\u00e9 administrateur d\u2019Engie, Accor, Orange, Rhodia, Gecina, GE Corporate Finance Bank, AXA Investment Manager et Mobistar en Belgique. <\/p>\n<p>Il est conseiller principal chez CVC Capital Partner Management \u00e0 Londres, ainsi que conseiller principal chez EuroMena Funds \u00e0 Beyrouth. Il est conseiller principal chez CVC Capital Partner Management \u00e0 Londres, ainsi que conseiller principal chez EuroMena Funds \u00e0 Beyrouth. Il est Pr\u00e9sident du Comit\u00e9 Scientifique de Vigeo, l\u2019agence de notation sociale et environnementale depuis 10 ans (2011-2021). Il a \u00e9t\u00e9 pr\u00e9sident non ex\u00e9cutif d\u2019Andersen Worldwide de 2000 \u00e0 2003, pr\u00e9sident d\u2019Andersen pour la r\u00e9gion Europe occidentale de 1998 \u00e0 2002 et pr\u00e9sident d\u2019Andersen France de 1993 \u00e0 2002. <\/p>\n<p>De 2007 \u00e0 2008, il a \u00e9t\u00e9 membre du comit\u00e9 consultatif strat\u00e9gique europ\u00e9en de Lehman Brothers et conseiller principal chez 3i en 2006, conseiller principal chez Deutsche Bank (2012-2015), membre du comit\u00e9 consultatif de Trilantic Capital Partners. Il a \u00e9galement \u00e9t\u00e9 membre du comit\u00e9 strat\u00e9gique de Marsh France (2007-2015). <\/p>\n<p>Il a enseign\u00e9 la gouvernance d\u2019entreprise \u00e0 l\u2019Institut des Sciences Politiques Paris en 2003 et a obtenu son MBA en 1979 \u00e0 l\u2019ESCP (Ecole Sup\u00e9rieure de Commerce Fran\u00e7ais) et une ma\u00eetrise en droit de l\u2019Universit\u00e9 de la Sorbonne en 1980.<\/p>\n\t\t\t\t\t\t\t\t<\/div>\n\t\t\t\t<\/div>\n\t\t\t\t\t<\/div>\n\t\t<\/div>\n\t\t\t\t\t<\/div>\n\t\t<\/section>\n\t\t\t\t<section data-particle_enable=\"false\" data-particle-mobile-disabled=\"false\" class=\"elementor-section elementor-top-section elementor-element elementor-element-406bb53 elementor-section-boxed elementor-section-height-default elementor-section-height-default\" data-id=\"406bb53\" data-element_type=\"section\" data-e-type=\"section\" data-settings=\"{&quot;jet_parallax_layout_list&quot;:[]}\">\n\t\t\t\t\t\t<div class=\"elementor-container elementor-column-gap-default\">\n\t\t\t\t\t<div class=\"elementor-column elementor-col-100 elementor-top-column elementor-element elementor-element-30d552c\" data-id=\"30d552c\" data-element_type=\"column\" data-e-type=\"column\">\n\t\t\t<div class=\"elementor-widget-wrap elementor-element-populated\">\n\t\t\t\t\t\t<div class=\"elementor-element elementor-element-c916555 elementor-widget elementor-widget-spacer\" data-id=\"c916555\" data-element_type=\"widget\" data-e-type=\"widget\" data-widget_type=\"spacer.default\">\n\t\t\t\t<div class=\"elementor-widget-container\">\n\t\t\t\t\t\t\t<div class=\"elementor-spacer\">\n\t\t\t<div class=\"elementor-spacer-inner\"><\/div>\n\t\t<\/div>\n\t\t\t\t\t\t<\/div>\n\t\t\t\t<\/div>\n\t\t\t\t\t<\/div>\n\t\t<\/div>\n\t\t\t\t\t<\/div>\n\t\t<\/section>\n\t\t\t\t<\/div>\n\t\t","protected":false},"excerpt":{"rendered":"<p>Rencontrer NOS DIRIGEANTS ALDO CARDOSO Aldo Cardoso est un consultant en gestion, sp\u00e9cialis\u00e9 dans le conseil financier et de gestion. Il est Pr\u00e9sident du Conseil d\u2019administration de Bureau Veritas, Imerys, Worldline, DWS (Francfort) et Ontex (Bruxelles), et a pr\u00e9c\u00e9demment \u00e9t\u00e9 administrateur d\u2019Engie, Accor, Orange, Rhodia, Gecina, GE Corporate Finance Bank, AXA Investment Manager et Mobistar [&hellip;]<\/p>\n","protected":false},"author":1,"featured_media":0,"parent":0,"menu_order":0,"comment_status":"closed","ping_status":"closed","template":"","meta":{"_monsterinsights_skip_tracking":false,"_monsterinsights_sitenote_active":false,"_monsterinsights_sitenote_note":"","_monsterinsights_sitenote_category":0,"footnotes":""},"class_list":["post-7013","page","type-page","status-publish","hentry"],"yoast_head":"<!-- This site is optimized with the Yoast SEO Premium plugin v27.0 (Yoast SEO v27.3) - https:\/\/yoast.com\/product\/yoast-seo-premium-wordpress\/ -->\n<title>Aldo Cardoso - Chedid Capital<\/title>\n<meta name=\"description\" content=\"Membre du Conseil d&#039;Administration, Chedid Capital\" \/>\n<meta name=\"robots\" content=\"index, follow, max-snippet:-1, max-image-preview:large, max-video-preview:-1\" \/>\n<link rel=\"canonical\" href=\"https:\/\/cch.decmena.com\/fr\/aldo-cardoso\/\" \/>\n<meta property=\"og:locale\" content=\"fr_FR\" \/>\n<meta property=\"og:type\" content=\"article\" \/>\n<meta property=\"og:title\" content=\"Aldo Cardoso\" \/>\n<meta property=\"og:description\" content=\"A financial holding company, Chedid Capital is a leading investment group in the insurance and reinsurance fields. The group, operates across Europe, Middle East, Africa and South Asia. Its subsidiary, Chedid Re, a Lloyd\u2019s official broker, is among the 20 largest reinsurance brokers in the world.\" \/>\n<meta property=\"og:url\" content=\"https:\/\/cch.decmena.com\/fr\/aldo-cardoso\/\" \/>\n<meta property=\"og:site_name\" content=\"Chedid Capital\" \/>\n<meta property=\"article:publisher\" content=\"https:\/\/www.facebook.com\/ChedidCapital\" \/>\n<meta property=\"article:modified_time\" content=\"2023-11-26T16:25:46+00:00\" \/>\n<meta property=\"og:image\" content=\"https:\/\/cch.decmena.com\/wp-content\/uploads\/elementor\/thumbs\/Aldo-Cardoso-q0y3ii9wdwb75jbw3l2mbwbkfy4wix8mhcvk4t13be.jpg\" \/>\n<meta name=\"twitter:card\" content=\"summary_large_image\" \/>\n<meta name=\"twitter:label1\" content=\"Dur\u00e9e de lecture estim\u00e9e\" \/>\n\t<meta name=\"twitter:data1\" content=\"2 minutes\" \/>\n<script type=\"application\/ld+json\" class=\"yoast-schema-graph\">{\"@context\":\"https:\\\/\\\/schema.org\",\"@graph\":[{\"@type\":\"WebPage\",\"@id\":\"https:\\\/\\\/cch.decmena.com\\\/fr\\\/aldo-cardoso\\\/\",\"url\":\"https:\\\/\\\/cch.decmena.com\\\/fr\\\/aldo-cardoso\\\/\",\"name\":\"Aldo Cardoso - Chedid Capital\",\"isPartOf\":{\"@id\":\"https:\\\/\\\/cch.decmena.com\\\/#website\"},\"primaryImageOfPage\":{\"@id\":\"https:\\\/\\\/cch.decmena.com\\\/fr\\\/aldo-cardoso\\\/#primaryimage\"},\"image\":{\"@id\":\"https:\\\/\\\/cch.decmena.com\\\/fr\\\/aldo-cardoso\\\/#primaryimage\"},\"thumbnailUrl\":\"https:\\\/\\\/cch.decmena.com\\\/wp-content\\\/uploads\\\/elementor\\\/thumbs\\\/Aldo-Cardoso-q0y3ii9wdwb75jbw3l2mbwbkfy4wix8mhcvk4t13be.jpg\",\"datePublished\":\"2022-11-07T16:10:27+00:00\",\"dateModified\":\"2023-11-26T16:25:46+00:00\",\"description\":\"Membre du Conseil d'Administration, Chedid Capital\",\"breadcrumb\":{\"@id\":\"https:\\\/\\\/cch.decmena.com\\\/fr\\\/aldo-cardoso\\\/#breadcrumb\"},\"inLanguage\":\"fr-FR\",\"potentialAction\":[{\"@type\":\"ReadAction\",\"target\":[\"https:\\\/\\\/cch.decmena.com\\\/fr\\\/aldo-cardoso\\\/\"]}]},{\"@type\":\"ImageObject\",\"inLanguage\":\"fr-FR\",\"@id\":\"https:\\\/\\\/cch.decmena.com\\\/fr\\\/aldo-cardoso\\\/#primaryimage\",\"url\":\"https:\\\/\\\/cch.decmena.com\\\/wp-content\\\/uploads\\\/elementor\\\/thumbs\\\/Aldo-Cardoso-q0y3ii9wdwb75jbw3l2mbwbkfy4wix8mhcvk4t13be.jpg\",\"contentUrl\":\"https:\\\/\\\/cch.decmena.com\\\/wp-content\\\/uploads\\\/elementor\\\/thumbs\\\/Aldo-Cardoso-q0y3ii9wdwb75jbw3l2mbwbkfy4wix8mhcvk4t13be.jpg\"},{\"@type\":\"BreadcrumbList\",\"@id\":\"https:\\\/\\\/cch.decmena.com\\\/fr\\\/aldo-cardoso\\\/#breadcrumb\",\"itemListElement\":[{\"@type\":\"ListItem\",\"position\":1,\"name\":\"Home\",\"item\":\"https:\\\/\\\/cch.decmena.com\\\/fr\\\/\"},{\"@type\":\"ListItem\",\"position\":2,\"name\":\"Aldo Cardoso\"}]},{\"@type\":\"WebSite\",\"@id\":\"https:\\\/\\\/cch.decmena.com\\\/#website\",\"url\":\"https:\\\/\\\/cch.decmena.com\\\/\",\"name\":\"Chedid Capital\",\"description\":\"Chedid Capital Holding\",\"publisher\":{\"@id\":\"https:\\\/\\\/cch.decmena.com\\\/#organization\"},\"alternateName\":\"Chedid Capital Holding\",\"potentialAction\":[{\"@type\":\"SearchAction\",\"target\":{\"@type\":\"EntryPoint\",\"urlTemplate\":\"https:\\\/\\\/cch.decmena.com\\\/?s={search_term_string}\"},\"query-input\":{\"@type\":\"PropertyValueSpecification\",\"valueRequired\":true,\"valueName\":\"search_term_string\"}}],\"inLanguage\":\"fr-FR\"},{\"@type\":\"Organization\",\"@id\":\"https:\\\/\\\/cch.decmena.com\\\/#organization\",\"name\":\"Chedid Capital\",\"alternateName\":\"Chedid Capital Holding\",\"url\":\"https:\\\/\\\/cch.decmena.com\\\/\",\"logo\":{\"@type\":\"ImageObject\",\"inLanguage\":\"fr-FR\",\"@id\":\"https:\\\/\\\/cch.decmena.com\\\/#\\\/schema\\\/logo\\\/image\\\/\",\"url\":\"https:\\\/\\\/cch.decmena.com\\\/wp-content\\\/uploads\\\/2022\\\/10\\\/Chedidcapital.png\",\"contentUrl\":\"https:\\\/\\\/cch.decmena.com\\\/wp-content\\\/uploads\\\/2022\\\/10\\\/Chedidcapital.png\",\"width\":400,\"height\":200,\"caption\":\"Chedid Capital\"},\"image\":{\"@id\":\"https:\\\/\\\/cch.decmena.com\\\/#\\\/schema\\\/logo\\\/image\\\/\"},\"sameAs\":[\"https:\\\/\\\/www.facebook.com\\\/ChedidCapital\",\"https:\\\/\\\/www.linkedin\\\/company\\\/chedid-capital\",\"https:\\\/\\\/www.youtube.com\\\/channel\\\/UCC8SpKBTtbcl2o1QKzbpjBQ\\\/videos\",\"https:\\\/\\\/instagram.com\\\/chedid.capital\"],\"description\":\"A financial holding company, Chedid Capital is a leading investment group in the insurance and reinsurance fields. The group, operates across Europe, Middle East, Africa and South Asia. Its subsidiary, Chedid Re, a Lloyd\u2019s official broker, is among the 20 largest reinsurance brokers in the world.\",\"email\":\"info@chedid-capital.com\",\"telephone\":\"+961 5 956 080\",\"legalName\":\"Chedid Capital Holding\",\"foundingDate\":\"2006-01-01\",\"numberOfEmployees\":{\"@type\":\"QuantitativeValue\",\"minValue\":\"1001\",\"maxValue\":\"5000\"}}]}<\/script>\n<!-- \/ Yoast SEO Premium plugin. -->","yoast_head_json":{"title":"Aldo Cardoso - Chedid Capital","description":"Membre du Conseil d'Administration, Chedid Capital","robots":{"index":"index","follow":"follow","max-snippet":"max-snippet:-1","max-image-preview":"max-image-preview:large","max-video-preview":"max-video-preview:-1"},"canonical":"https:\/\/cch.decmena.com\/fr\/aldo-cardoso\/","og_locale":"fr_FR","og_type":"article","og_title":"Aldo Cardoso","og_description":"A financial holding company, Chedid Capital is a leading investment group in the insurance and reinsurance fields. The group, operates across Europe, Middle East, Africa and South Asia. Its subsidiary, Chedid Re, a Lloyd\u2019s official broker, is among the 20 largest reinsurance brokers in the world.","og_url":"https:\/\/cch.decmena.com\/fr\/aldo-cardoso\/","og_site_name":"Chedid Capital","article_publisher":"https:\/\/www.facebook.com\/ChedidCapital","article_modified_time":"2023-11-26T16:25:46+00:00","og_image":[{"url":"https:\/\/cch.decmena.com\/wp-content\/uploads\/elementor\/thumbs\/Aldo-Cardoso-q0y3ii9wdwb75jbw3l2mbwbkfy4wix8mhcvk4t13be.jpg","type":"","width":"","height":""}],"twitter_card":"summary_large_image","twitter_misc":{"Dur\u00e9e de lecture estim\u00e9e":"2 minutes"},"schema":{"@context":"https:\/\/schema.org","@graph":[{"@type":"WebPage","@id":"https:\/\/cch.decmena.com\/fr\/aldo-cardoso\/","url":"https:\/\/cch.decmena.com\/fr\/aldo-cardoso\/","name":"Aldo Cardoso - Chedid Capital","isPartOf":{"@id":"https:\/\/cch.decmena.com\/#website"},"primaryImageOfPage":{"@id":"https:\/\/cch.decmena.com\/fr\/aldo-cardoso\/#primaryimage"},"image":{"@id":"https:\/\/cch.decmena.com\/fr\/aldo-cardoso\/#primaryimage"},"thumbnailUrl":"https:\/\/cch.decmena.com\/wp-content\/uploads\/elementor\/thumbs\/Aldo-Cardoso-q0y3ii9wdwb75jbw3l2mbwbkfy4wix8mhcvk4t13be.jpg","datePublished":"2022-11-07T16:10:27+00:00","dateModified":"2023-11-26T16:25:46+00:00","description":"Membre du Conseil d'Administration, Chedid Capital","breadcrumb":{"@id":"https:\/\/cch.decmena.com\/fr\/aldo-cardoso\/#breadcrumb"},"inLanguage":"fr-FR","potentialAction":[{"@type":"ReadAction","target":["https:\/\/cch.decmena.com\/fr\/aldo-cardoso\/"]}]},{"@type":"ImageObject","inLanguage":"fr-FR","@id":"https:\/\/cch.decmena.com\/fr\/aldo-cardoso\/#primaryimage","url":"https:\/\/cch.decmena.com\/wp-content\/uploads\/elementor\/thumbs\/Aldo-Cardoso-q0y3ii9wdwb75jbw3l2mbwbkfy4wix8mhcvk4t13be.jpg","contentUrl":"https:\/\/cch.decmena.com\/wp-content\/uploads\/elementor\/thumbs\/Aldo-Cardoso-q0y3ii9wdwb75jbw3l2mbwbkfy4wix8mhcvk4t13be.jpg"},{"@type":"BreadcrumbList","@id":"https:\/\/cch.decmena.com\/fr\/aldo-cardoso\/#breadcrumb","itemListElement":[{"@type":"ListItem","position":1,"name":"Home","item":"https:\/\/cch.decmena.com\/fr\/"},{"@type":"ListItem","position":2,"name":"Aldo Cardoso"}]},{"@type":"WebSite","@id":"https:\/\/cch.decmena.com\/#website","url":"https:\/\/cch.decmena.com\/","name":"Chedid Capital","description":"Chedid Capital Holding","publisher":{"@id":"https:\/\/cch.decmena.com\/#organization"},"alternateName":"Chedid Capital Holding","potentialAction":[{"@type":"SearchAction","target":{"@type":"EntryPoint","urlTemplate":"https:\/\/cch.decmena.com\/?s={search_term_string}"},"query-input":{"@type":"PropertyValueSpecification","valueRequired":true,"valueName":"search_term_string"}}],"inLanguage":"fr-FR"},{"@type":"Organization","@id":"https:\/\/cch.decmena.com\/#organization","name":"Chedid Capital","alternateName":"Chedid Capital Holding","url":"https:\/\/cch.decmena.com\/","logo":{"@type":"ImageObject","inLanguage":"fr-FR","@id":"https:\/\/cch.decmena.com\/#\/schema\/logo\/image\/","url":"https:\/\/cch.decmena.com\/wp-content\/uploads\/2022\/10\/Chedidcapital.png","contentUrl":"https:\/\/cch.decmena.com\/wp-content\/uploads\/2022\/10\/Chedidcapital.png","width":400,"height":200,"caption":"Chedid Capital"},"image":{"@id":"https:\/\/cch.decmena.com\/#\/schema\/logo\/image\/"},"sameAs":["https:\/\/www.facebook.com\/ChedidCapital","https:\/\/www.linkedin\/company\/chedid-capital","https:\/\/www.youtube.com\/channel\/UCC8SpKBTtbcl2o1QKzbpjBQ\/videos","https:\/\/instagram.com\/chedid.capital"],"description":"A financial holding company, Chedid Capital is a leading investment group in the insurance and reinsurance fields. The group, operates across Europe, Middle East, Africa and South Asia. Its subsidiary, Chedid Re, a Lloyd\u2019s official broker, is among the 20 largest reinsurance brokers in the world.","email":"info@chedid-capital.com","telephone":"+961 5 956 080","legalName":"Chedid Capital Holding","foundingDate":"2006-01-01","numberOfEmployees":{"@type":"QuantitativeValue","minValue":"1001","maxValue":"5000"}}]}},"_links":{"self":[{"href":"https:\/\/cch.decmena.com\/fr\/wp-json\/wp\/v2\/pages\/7013","targetHints":{"allow":["GET"]}}],"collection":[{"href":"https:\/\/cch.decmena.com\/fr\/wp-json\/wp\/v2\/pages"}],"about":[{"href":"https:\/\/cch.decmena.com\/fr\/wp-json\/wp\/v2\/types\/page"}],"author":[{"embeddable":true,"href":"https:\/\/cch.decmena.com\/fr\/wp-json\/wp\/v2\/users\/1"}],"replies":[{"embeddable":true,"href":"https:\/\/cch.decmena.com\/fr\/wp-json\/wp\/v2\/comments?post=7013"}],"version-history":[{"count":14,"href":"https:\/\/cch.decmena.com\/fr\/wp-json\/wp\/v2\/pages\/7013\/revisions"}],"predecessor-version":[{"id":10401,"href":"https:\/\/cch.decmena.com\/fr\/wp-json\/wp\/v2\/pages\/7013\/revisions\/10401"}],"wp:attachment":[{"href":"https:\/\/cch.decmena.com\/fr\/wp-json\/wp\/v2\/media?parent=7013"}],"curies":[{"name":"wp","href":"https:\/\/api.w.org\/{rel}","templated":true}]}}